{"id":269,"date":"2023-01-27T13:11:32","date_gmt":"2023-01-27T12:11:32","guid":{"rendered":"https:\/\/preview.dynaorth.de\/wp_HoriaTest\/?page_id=269"},"modified":"2023-08-04T10:09:43","modified_gmt":"2023-08-04T08:09:43","slug":"kunsttherapie-2","status":"publish","type":"page","link":"https:\/\/dr-saulean.de\/index.php\/kunsttherapie-2\/","title":{"rendered":"Kunsttherapie"},"content":{"rendered":"<p>[et_pb_section fb_built=&#8220;1&#8243; _builder_version=&#8220;4.19.2&#8243; _module_preset=&#8220;default&#8220; custom_padding=&#8220;4px||18px|||&#8220; global_colors_info=&#8220;{}&#8220;][et_pb_row _builder_version=&#8220;4.19.2&#8243; _module_preset=&#8220;default&#8220; custom_padding=&#8220;||9px|||&#8220; global_colors_info=&#8220;{}&#8220;][et_pb_column type=&#8220;4_4&#8243; _builder_version=&#8220;4.19.2&#8243; _module_preset=&#8220;default&#8220; global_colors_info=&#8220;{}&#8220;][et_pb_cta title=&#8220;Wichtig&#8220; button_text=&#8220;Klicks&#8220; _builder_version=&#8220;4.21.0&#8243; _module_preset=&#8220;default&#8220; background_color=&#8220;#E02B20&#8243; global_colors_info=&#8220;{}&#8220;]<\/p>\n<p><span>Die Kunsttherapie kann aktuell <span style=\"text-decoration: underline;\">nicht<\/span> stattfinden<br \/><\/span><\/p>\n<p>[\/et_pb_cta][et_pb_cta title=&#8220;Kunsttherapie&#8220; button_text=&#8220;Klicks&#8220; _builder_version=&#8220;4.21.0&#8243; _module_preset=&#8220;default&#8220; global_colors_info=&#8220;{}&#8220;]<\/p>\n<p><span>Mit der Kunst ist es wie mit der Phantasie und dem Spiel. Sie gibt uns die M\u00f6glichkeit W\u00fcnsche, Gedanken und Gef\u00fchle auszudr\u00fccken und Handlungen auszuprobieren. Die Kunst gibt Freiraum, stellt Richtig und Falsch in Frage und fordert zum Schaffen eigener Werke heraus.<\/span><\/p>\n<p>[\/et_pb_cta][\/et_pb_column][\/et_pb_row][et_pb_row use_custom_gutter=&#8220;on&#8220; make_equal=&#8220;on&#8220; _builder_version=&#8220;4.19.2&#8243; _module_preset=&#8220;default&#8220; global_colors_info=&#8220;{}&#8220;][et_pb_column type=&#8220;4_4&#8243; _builder_version=&#8220;4.19.2&#8243; _module_preset=&#8220;default&#8220; global_colors_info=&#8220;{}&#8220;][et_pb_blurb title=&#8220;Dabei kannst Du:&#8220; use_icon=&#8220;on&#8220; font_icon=&#8220;&#xf1fc;||fa||900&#8243; image_icon_background_color=&#8220;RGBA(255,255,255,0)&#8220; image_icon_width=&#8220;58px&#8220; content_max_width=&#8220;700px&#8220; _builder_version=&#8220;4.19.4&#8243; _module_preset=&#8220;default&#8220; header_text_color=&#8220;#00859B&#8220; background_enable_color=&#8220;off&#8220; min_height=&#8220;175.6px&#8220; custom_margin=&#8220;||4px|||&#8220; custom_padding=&#8220;||1px|||&#8220; global_colors_info=&#8220;{}&#8220;]<\/p>\n<ul>\n<li style=\"list-style-type: none;\">\n<ul>\n<li>Gef\u00fchlen, Erlebnissen und Konflikten in Bildern oder Formen begegnen<\/li>\n<li>Inneren Druck abbauen, Luft ablassen und Dich erholen<\/li>\n<li>Dich und Deine St\u00e4rken entdecken, Kraft tanken, Freude erleben<\/li>\n<li>Mit mehr Selbstvertrauen eigene M\u00f6glichkeiten erarbeiten, um Erlebnisse, Konflikte und Aufgaben zu meistern<\/li>\n<li>Dich zu einem erfahrenen K\u00fcnstler entwickeln.<\/li>\n<\/ul>\n<\/li>\n<\/ul>\n<p>[\/et_pb_blurb][et_pb_blurb title=&#8220;Kunsttherapie f\u00fcr Kinder und Jugendliche eignet sich um:&#8220; use_icon=&#8220;on&#8220; font_icon=&#8220;&#xf4c2;||fa||900&#8243; image_icon_background_color=&#8220;RGBA(255,255,255,0)&#8220; image_icon_width=&#8220;58px&#8220; content_max_width=&#8220;700px&#8220; _builder_version=&#8220;4.19.4&#8243; _module_preset=&#8220;default&#8220; header_text_color=&#8220;#00859B&#8220; background_enable_color=&#8220;off&#8220; custom_margin=&#8220;17px||2px|||&#8220; custom_padding=&#8220;||0px|||&#8220; global_colors_info=&#8220;{}&#8220;]<\/p>\n<ul>\n<li style=\"list-style-type: none;\">\n<ul>\n<li>\u00c4ngste und Zw\u00e4nge abzubauen<\/li>\n<li>Selbstwertgef\u00fchl und Selbstvertrauen zu st\u00e4rken sowie Selbst\u00e4ndigkeit zu f\u00f6rdern<\/li>\n<li>Wahrnehmung und Sinne zu schulen<\/li>\n<li>Beziehungsf\u00e4higkeiten, Kommunikationsverm\u00f6gen und soziale F\u00e4higkeiten zu f\u00f6rdern<\/li>\n<li>Motorik und Sensorik zu schulen<\/li>\n<li>Konzentration und Ausdauer zu verbessern<\/li>\n<li>Die Handlungsf\u00e4higkeit zu erweitern<\/li>\n<li>Reifungsprozesse zu f\u00f6rdern<\/li>\n<li>Entwicklungsr\u00fcckst\u00e4nde aufzuarbeiten.<\/li>\n<\/ul>\n<\/li>\n<\/ul>\n<p>[\/et_pb_blurb][et_pb_blurb title=&#8220;Kunstort und Atelierzeit&#8220; use_icon=&#8220;on&#8220; font_icon=&#8220;&#xf61f;||fa||900&#8243; image_icon_background_color=&#8220;RGBA(255,255,255,0)&#8220; image_icon_width=&#8220;58px&#8220; content_max_width=&#8220;700px&#8220; _builder_version=&#8220;4.19.4&#8243; _module_preset=&#8220;default&#8220; header_text_color=&#8220;#00859B&#8220; background_enable_color=&#8220;off&#8220; custom_margin=&#8220;17px||2px|||&#8220; custom_padding=&#8220;||0px|||&#8220; global_colors_info=&#8220;{}&#8220;]<\/p>\n<p><span>Die KunstM\u00f6glichkeiten finden in einer offenen Gruppe mit anderen Kindern und Jugendlichen statt. Dort kannst Du eine Stunde lang k\u00fcnstlerisch gestalten. Du wirst verschiedenste k\u00fcnstlerische Materialien und Techniken verwenden. Dabei bekommst Du sowohl Beratung und Unterst\u00fctzung der Kunsttherapeutin als auch Freiraum zur eigenst\u00e4ndigen Arbeit. Au\u00dferdem hast Du die M\u00f6glichkeit<\/span><br \/><span>anderen jungen K\u00fcnstlern zuzuschauen oder mit Ihnen zusammen zu arbeiten.<\/span><br \/><span>Kunsttherapie f\u00fcr Kinder und Jugendliche kann als integrierter Bestandteil der Therapie in der Praxis Dr. Saulean <\/span><span>wahrgenommen werden.<\/span><\/p>\n<p><em>Voraussetzung ist ein \u00e4rztlicher Ersttermin bei\u00a0<strong>Herrn<\/strong>\u00a0<strong>Dr. Saulean.<\/strong><\/em><\/p>\n<p>[\/et_pb_blurb][\/et_pb_column][\/et_pb_row][et_pb_row column_structure=&#8220;1_3,1_3,1_3&#8243; _builder_version=&#8220;4.20.0&#8243; _module_preset=&#8220;default&#8220; locked=&#8220;off&#8220; global_colors_info=&#8220;{}&#8220;][et_pb_column type=&#8220;1_3&#8243; _builder_version=&#8220;4.19.2&#8243; _module_preset=&#8220;default&#8220; global_colors_info=&#8220;{}&#8220;][et_pb_blurb title=&#8220;Zirkustherapie&#8220; image=&#8220;https:\/\/preview.dynaorth.de\/wp_HoriaTest\/wp-content\/uploads\/2022\/12\/Praxis-Dr-Saulean-Malerei-9.jpg&#8220; _builder_version=&#8220;4.21.0&#8243; _dynamic_attributes=&#8220;link_option_url&#8220; _module_preset=&#8220;default&#8220; header_text_color=&#8220;#00859B&#8220; image_icon_custom_margin=&#8220;||-17px||false|false&#8220; link_option_url=&#8220;@ET-DC@eyJkeW5hbWljIjp0cnVlLCJjb250ZW50IjoicG9zdF9saW5rX3VybF9wYWdlIiwic2V0dGluZ3MiOnsicG9zdF9pZCI6IjQ3In19@&#8220; hover_enabled=&#8220;0&#8243; global_colors_info=&#8220;{}&#8220; sticky_enabled=&#8220;0&#8243;][\/et_pb_blurb][\/et_pb_column][et_pb_column type=&#8220;1_3&#8243; _builder_version=&#8220;4.19.2&#8243; _module_preset=&#8220;default&#8220; global_colors_info=&#8220;{}&#8220;][et_pb_blurb title=&#8220;Gruppentherapie&#8220; image=&#8220;https:\/\/preview.dynaorth.de\/wp_HoriaTest\/wp-content\/uploads\/2022\/12\/Praxis-Dr-Saulean-Malerei-11.jpg&#8220; _builder_version=&#8220;4.20.0&#8243; _dynamic_attributes=&#8220;link_option_url&#8220; _module_preset=&#8220;default&#8220; header_text_color=&#8220;#00859B&#8220; image_icon_custom_margin=&#8220;||-17px||false|false&#8220; link_option_url=&#8220;@ET-DC@eyJkeW5hbWljIjp0cnVlLCJjb250ZW50IjoicG9zdF9saW5rX3VybF9wYWdlIiwic2V0dGluZ3MiOnsicG9zdF9pZCI6IjQ1In19@&#8220; global_colors_info=&#8220;{}&#8220;][\/et_pb_blurb][\/et_pb_column][et_pb_column type=&#8220;1_3&#8243; _builder_version=&#8220;4.19.2&#8243; _module_preset=&#8220;default&#8220; global_colors_info=&#8220;{}&#8220;][et_pb_blurb title=&#8220;Autismustraining&#8220; image=&#8220;https:\/\/preview.dynaorth.de\/wp_HoriaTest\/wp-content\/uploads\/2022\/12\/Praxis-Dr-Saulean-Malerei-3-1-scaled.jpg&#8220; _builder_version=&#8220;4.20.0&#8243; _dynamic_attributes=&#8220;link_option_url&#8220; _module_preset=&#8220;default&#8220; header_text_color=&#8220;#00859B&#8220; image_icon_custom_margin=&#8220;||-17px||false|false&#8220; link_option_url=&#8220;@ET-DC@eyJkeW5hbWljIjp0cnVlLCJjb250ZW50IjoicG9zdF9saW5rX3VybF9wYWdlIiwic2V0dGluZ3MiOnsicG9zdF9pZCI6IjQ5In19@&#8220; global_colors_info=&#8220;{}&#8220;][\/et_pb_blurb][\/et_pb_column][\/et_pb_row][\/et_pb_section]<\/p>\n","protected":false},"excerpt":{"rendered":"<p>Die Kunsttherapie kann aktuell nicht stattfindenMit der Kunst ist es wie mit der Phantasie und dem Spiel. Sie gibt uns die M\u00f6glichkeit W\u00fcnsche, Gedanken und Gef\u00fchle auszudr\u00fccken und Handlungen auszuprobieren. Die Kunst gibt Freiraum, stellt Richtig und Falsch in Frage und fordert zum Schaffen eigener Werke heraus. Gef\u00fchlen, Erlebnissen und Konflikten in Bildern oder Formen [&hellip;]<\/p>\n","protected":false},"author":1,"featured_media":0,"parent":0,"menu_order":0,"comment_status":"closed","ping_status":"closed","template":"","meta":{"_et_pb_use_builder":"on","_et_pb_old_content":"","_et_gb_content_width":"","footnotes":""},"class_list":["post-269","page","type-page","status-publish","hentry"],"_links":{"self":[{"href":"https:\/\/dr-saulean.de\/index.php\/wp-json\/wp\/v2\/pages\/269","targetHints":{"allow":["GET"]}}],"collection":[{"href":"https:\/\/dr-saulean.de\/index.php\/wp-json\/wp\/v2\/pages"}],"about":[{"href":"https:\/\/dr-saulean.de\/index.php\/wp-json\/wp\/v2\/types\/page"}],"author":[{"embeddable":true,"href":"https:\/\/dr-saulean.de\/index.php\/wp-json\/wp\/v2\/users\/1"}],"replies":[{"embeddable":true,"href":"https:\/\/dr-saulean.de\/index.php\/wp-json\/wp\/v2\/comments?post=269"}],"version-history":[{"count":8,"href":"https:\/\/dr-saulean.de\/index.php\/wp-json\/wp\/v2\/pages\/269\/revisions"}],"predecessor-version":[{"id":608,"href":"https:\/\/dr-saulean.de\/index.php\/wp-json\/wp\/v2\/pages\/269\/revisions\/608"}],"wp:attachment":[{"href":"https:\/\/dr-saulean.de\/index.php\/wp-json\/wp\/v2\/media?parent=269"}],"curies":[{"name":"wp","href":"https:\/\/api.w.org\/{rel}","templated":true}]}}