{"id":41,"date":"2022-12-01T10:35:24","date_gmt":"2022-12-01T09:35:24","guid":{"rendered":"https:\/\/preview.dynaorth.de\/wp_HoriaTest\/?page_id=41"},"modified":"2023-03-07T12:55:50","modified_gmt":"2023-03-07T11:55:50","slug":"fortbildungen","status":"publish","type":"page","link":"https:\/\/dr-saulean.de\/index.php\/fortbildungen\/","title":{"rendered":"Fortbildungen"},"content":{"rendered":"<p>[et_pb_section fb_built=&#8220;1&#8243; _builder_version=&#8220;4.20.0&#8243; _module_preset=&#8220;default&#8220; global_colors_info=&#8220;{}&#8220;][et_pb_row _builder_version=&#8220;4.20.0&#8243; _module_preset=&#8220;default&#8220; global_colors_info=&#8220;{}&#8220;][et_pb_column type=&#8220;4_4&#8243; _builder_version=&#8220;4.20.0&#8243; _module_preset=&#8220;default&#8220; global_colors_info=&#8220;{}&#8220;][et_pb_icon font_icon=&#8220;&#xf19d;||fa||900&#8243; _builder_version=&#8220;4.20.0&#8243; _module_preset=&#8220;default&#8220; global_colors_info=&#8220;{}&#8220;][\/et_pb_icon][et_pb_text _builder_version=&#8220;4.20.0&#8243; _module_preset=&#8220;default&#8220; global_colors_info=&#8220;{}&#8220;]<\/p>\n<h3 style=\"text-align: center;\"><strong>Fortbildungen<\/strong><\/h3>\n<p>[\/et_pb_text][\/et_pb_column][\/et_pb_row][et_pb_row _builder_version=&#8220;4.20.0&#8243; _module_preset=&#8220;default&#8220; global_colors_info=&#8220;{}&#8220;][et_pb_column type=&#8220;4_4&#8243; _builder_version=&#8220;4.20.0&#8243; _module_preset=&#8220;default&#8220; global_colors_info=&#8220;{}&#8220;][et_pb_text _builder_version=&#8220;4.20.0&#8243; _module_preset=&#8220;default&#8220; global_colors_info=&#8220;{}&#8220;]<\/p>\n<h2><span style=\"font-size: 20px;\"><strong>Bisher von Dr. med.univ. Horia Saulean gehaltene Fortbildungsseminare und Vortr\u00e4ge:<\/strong><\/span><span style=\"font-size: 20px;\"><strong><\/strong><\/span><\/h2>\n<p>[\/et_pb_text][et_pb_text _builder_version=&#8220;4.20.0&#8243; _module_preset=&#8220;default&#8220; global_colors_info=&#8220;{}&#8220;]<\/p>\n<ul>\n<li>\u201eUmgang mit Krisen\u201c- p\u00e4dagogisch-therapeutisches Konzept f\u00fcr Jugendhilfeeinrichtungen<\/li>\n<li>&#8222;ADOS\u201c Diagnostische Beobachtungsskala f\u00fcr Autistische St\u00f6rungen (20.02.2012 L\u00c4K zertifiziert))<\/li>\n<li>L\u00f6sungsorientierte Kurzzeittherapie mit Kindern und Jugendlichen (27.12. 2011 L\u00c4K zertifiziert))<\/li>\n<li>\u201eSchulreife und Lernen in der Gruppe\u201c<\/li>\n<li>ADHS Management in der Praxis und fach\u00fcbergreifende Kooperation (L\u00c4K zertifiziert)<\/li>\n<li>Gruppentherapieen in der Kinder- und Jugendpsychotherapie (L\u00c4K zertifiziert)<\/li>\n<li>Visuelle Wahrnehmungsst\u00f6rungen und Hypnotherapie (25.02.2013 L\u00c4K zertifiziert)<\/li>\n<li>Internalisierende und externalisierende St\u00f6rungen im Kindes- und Jugendalter (29.-30.08.2013 L\u00c4K zertifiziert)<\/li>\n<li>Gespr\u00e4chstechniken I in der Kinder- und Jugendpsychiatrie und -psychotherapie (03.03.2014 L\u00c4K zertifiziert)<\/li>\n<li>Gespr\u00e4chstechniken II und III in der Kinder- und Jugendpsychiatrie und -psychotherapie (28.-29.08.2014 L\u00c4K zertifiziert)<\/li>\n<li>fortlaufend monatliches &#8222;Fallseminar\u201c in der Kinder- und Jugendpsychiatrie und \u2013psychotherapie\u201c (L\u00c4K zertifiziert)<\/li>\n<li>&#8222;Autismusspezifische Verhaltenstherapie&#8220; (2016) Ausbildungsinstitut f\u00fcr Psychotherapie am Bodensee (Verhaltenstherapie)<\/li>\n<li>&#8222;Autismus verstehen und behandeln \u2013 Diagnostik und Therapie&#8220; Seminarreihe im Seminar f\u00fcr Heilp\u00e4dagogik am Bodensee Singen (2015\/2016, 2017\/2018), Camphill Seminar am Bodensee, Lippertsreuterstra\u00dfe 14, 88699 Frickingen<\/li>\n<li>Seminarreihe: &#8222;Autismusspezifische Verhaltenstherapie&#8220; in Singen (2015), eine Kooperation zwischen ALFA &#8211; Autismus Lehrinstitut f\u00fcr Forschung und Ausbildung und das IFA Bremen<\/li>\n<li>\u201eKinder mit Autismusspektrumst\u00f6rungen\u201c am Fachtag f\u00fcr Schulsozialarbeiterinnen des Landkreises Konstanz<\/li>\n<li>\u201eDifferentialdiagnose des Asperger-Syndroms \u2013 Ph\u00e4nomenologie der Begegnung\u201c, Fachtagung zur anthroposophischen Kinder- und Jugendpsychiatrie, 23-24.2.2018, Herdecke<\/li>\n<li>fortlaufend monatliches &#8222;Fallseminar\u00a0 in der Kinder- und Jugendpsychiatrie und -psychotherapie (L\u00c4K zertifiziert)<\/li>\n<\/ul>\n<p>[\/et_pb_text][\/et_pb_column][\/et_pb_row][et_pb_row _builder_version=&#8220;4.20.0&#8243; _module_preset=&#8220;default&#8220; global_colors_info=&#8220;{}&#8220;][et_pb_column type=&#8220;4_4&#8243; _builder_version=&#8220;4.20.0&#8243; _module_preset=&#8220;default&#8220; global_colors_info=&#8220;{}&#8220;][et_pb_text _builder_version=&#8220;4.20.0&#8243; _module_preset=&#8220;default&#8220; global_colors_info=&#8220;{}&#8220;]<\/p>\n<p><span style=\"font-size: 20px;\"><strong><span style=\"color: #333333;\">In Kooperation in der Praxis Seminarreihe: &#8222;Autismusspezifische Verhaltenstherapie&#8220; in Singen<\/span><\/strong><\/span><\/p>\n<p><span style=\"font-size: 20px;\"><strong><span style=\"font-size: 14px;\"><\/span><\/strong><\/span><span style=\"font-size: 16px;\">eine Kooperation zwischen ALFA &#8211; Autismus Lehrinstitut f\u00fcr Forschung und Ausbildung und das IFA Bremen<\/span><\/p>\n<h2><span style=\"font-size: 14px;\">Ort: <strong>Praxis Dr. Saulean<\/strong>, <strong>Schwarzwaldstr.11<\/strong>, <strong>78224 Singen<\/strong><\/span><\/h2>\n<h2 style=\"text-align: justify;\"><span style=\"font-size: 14px;\">Zu den Inhalten:<\/span><\/h2>\n<p>[\/et_pb_text][\/et_pb_column][\/et_pb_row][et_pb_row column_structure=&#8220;1_3,1_3,1_3&#8243; _builder_version=&#8220;4.20.0&#8243; _module_preset=&#8220;default&#8220; global_colors_info=&#8220;{}&#8220;][et_pb_column type=&#8220;1_3&#8243; _builder_version=&#8220;4.20.0&#8243; _module_preset=&#8220;default&#8220; global_colors_info=&#8220;{}&#8220;][et_pb_text _builder_version=&#8220;4.20.0&#8243; _module_preset=&#8220;default&#8220; global_colors_info=&#8220;{}&#8220;]<\/p>\n<p><strong>AVT 1<\/strong><\/p>\n<ol>\n<li>Erstgespr\u00e4ch \/ Anamnese<\/li>\n<li>Lernstandserhebung beim Kind<\/li>\n<li>Lernplanung mit den Eltern<\/li>\n<li>Aufbau von AVT-Teams<\/li>\n<li>Verhaltensbeobachtung \/ Verhaltensanalyse<\/li>\n<li>Grundlagen der AVT<\/li>\n<\/ol>\n<p>[\/et_pb_text][\/et_pb_column][et_pb_column type=&#8220;1_3&#8243; _builder_version=&#8220;4.20.0&#8243; _module_preset=&#8220;default&#8220; global_colors_info=&#8220;{}&#8220;][et_pb_text _builder_version=&#8220;4.20.0&#8243; _module_preset=&#8220;default&#8220; global_colors_info=&#8220;{}&#8220;]<\/p>\n<p><strong>AVT 2<\/strong><\/p>\n<ol>\n<li>Training in Techniken zum Aufbau von Verhalten (Diskretes Lernformat, Prompting, Shaping, Chaining, Natural Learning, Pr\u00e4zsionslernen)<\/li>\n<li>Datennahme<\/li>\n<li>Elternarbeit<\/li>\n<li>Konzeption eines Elterntrainings<\/li>\n<\/ol>\n<p>[\/et_pb_text][\/et_pb_column][et_pb_column type=&#8220;1_3&#8243; _builder_version=&#8220;4.20.0&#8243; _module_preset=&#8220;default&#8220; global_colors_info=&#8220;{}&#8220;][et_pb_text _builder_version=&#8220;4.20.0&#8243; _module_preset=&#8220;default&#8220; global_colors_info=&#8220;{}&#8220;]<\/p>\n<p><strong>AVT 3<br \/><\/strong><\/p>\n<ol>\n<li>Erstellung von Lernprogrammen<\/li>\n<li>Training in Techniken zum Abbau von Verhalten<\/li>\n<\/ol>\n<ul>\n<li>Verhaltensanalyse<\/li>\n<li>Lernprogramme zum Abbau von Verhalten<\/li>\n<li>Spezifischer Einsatz von VT-Konsequenzen<\/li>\n<\/ul>\n<p>3. Generalisierung<\/p>\n<p>[\/et_pb_text][\/et_pb_column][\/et_pb_row][et_pb_row _builder_version=&#8220;4.20.0&#8243; _module_preset=&#8220;default&#8220; global_colors_info=&#8220;{}&#8220;][et_pb_column type=&#8220;4_4&#8243; _builder_version=&#8220;4.20.0&#8243; _module_preset=&#8220;default&#8220; global_colors_info=&#8220;{}&#8220;][et_pb_text _builder_version=&#8220;4.20.0&#8243; _module_preset=&#8220;default&#8220; global_colors_info=&#8220;{}&#8220;]<\/p>\n<p><strong>Modul 2: <\/strong><strong>AVT- Supervision<\/strong><\/p>\n<table cellspacing=\"0\" cellpadding=\"0\" border=\"1\" align=\"left\">\n<tbody>\n<tr>\n<td style=\"text-align: center;\">Fallsupervision I<\/td>\n<td>10. Monat<\/td>\n<td>Analyse und Supervision der therapeutischen Arbeit<br \/>anhand von Videoaufnahmen der Therapie, Datenbl\u00e4ttern,<br \/>Reflektion des Therapeuten<br \/><strong>Schwerpunkt:<\/strong> Lernplanung \/ Aufbau von Verhalten\u00a0<\/td>\n<\/tr>\n<tr>\n<td style=\"text-align: center;\">Fallsupervision<br \/>II<\/td>\n<td>14. Monat<\/td>\n<td>Analyse und Supervision der therapeutischen Arbeit<br \/><strong>Schwerpunkt:<\/strong> Elterntraining \/ Abbau von Verhalten<\/td>\n<\/tr>\n<\/tbody>\n<\/table>\n<p>[\/et_pb_text][\/et_pb_column][\/et_pb_row][et_pb_row _builder_version=&#8220;4.20.0&#8243; _module_preset=&#8220;default&#8220; global_colors_info=&#8220;{}&#8220;][et_pb_column type=&#8220;4_4&#8243; _builder_version=&#8220;4.20.0&#8243; _module_preset=&#8220;default&#8220; global_colors_info=&#8220;{}&#8220;][et_pb_text _builder_version=&#8220;4.20.0&#8243; _module_preset=&#8220;default&#8220; global_colors_info=&#8220;{}&#8220;]<\/p>\n<h3 style=\"text-align: justify;\"><strong>In Vorbereitung<\/strong><\/h3>\n<div style=\"text-align: justify;\"><span style=\"font-size: 14px;\"><strong>Zertifizierte Fortbildung zum &#8222;Autismustrainer&#8220;<\/strong><\/span><\/div>\n<p>[\/et_pb_text][\/et_pb_column][\/et_pb_row][et_pb_row _builder_version=&#8220;4.20.0&#8243; _module_preset=&#8220;default&#8220; global_colors_info=&#8220;{}&#8220;][et_pb_column type=&#8220;4_4&#8243; _builder_version=&#8220;4.20.0&#8243; _module_preset=&#8220;default&#8220; global_colors_info=&#8220;{}&#8220;][et_pb_text _builder_version=&#8220;4.20.0&#8243; _module_preset=&#8220;default&#8220; global_colors_info=&#8220;{}&#8220;]<\/p>\n<div style=\"text-align: justify;\">Theorie Inhalte:<\/div>\n<ul>\n<li style=\"text-align: justify;\">Autismus als tiefe Entwicklungsst\u00f6rung: Wissen und Verstehen: Wie k\u00f6nnen Eltern ihre Kinder im Alltag f\u00f6rdern?<\/li>\n<li style=\"text-align: justify;\">Autismus als St\u00f6rung der biologischen Rhythmen und Lebensfunktionen: Schlafen und Wachen, Verdauung, Stoffwechsel und deren biologische Therapiem\u00f6glichkeiten<\/li>\n<li style=\"text-align: justify;\">Autismus als St\u00f6rung der Wahrnehmung, der Wahrnehmungsverarbeitung, der Sinnesintegration: Handlungskonzepte zur, F\u00f6rderung der Wahrnehmungsverarbeitung (Affolter Methode), der Orientierung und Handlungskompetenz (TEACCH)<\/li>\n<li style=\"text-align: justify;\">Autismus als Kommunikationsst\u00f6rung:<\/li>\n<li style=\"text-align: justify;\">F\u00f6rderung der non-verbalen Kommunikation: Unterst\u00fctzte Kommunikation, Gest\u00fctzte Kommunikation (FC)\u00a0 und Bildgest\u00fctzte Kommunikation<\/li>\n<li style=\"text-align: justify;\">Sprachanbahnung und \u2013Sprachf\u00f6rderung<\/li>\n<li style=\"text-align: justify;\"><strong>Autismusspezifische Verhaltenstherapie<\/strong><\/li>\n<li style=\"text-align: justify;\">Verstehen vom Verhalten, positives Einwirken und Beeinflussen<\/li>\n<li style=\"text-align: justify;\">Umgang mit Problemverhalten: Selbststimulation, Aggression, Unruhe, Schlafprobleme, etc.<\/li>\n<li style=\"text-align: justify;\">F\u00f6rderdiagnose und Lehrpl\u00e4ne<\/li>\n<\/ul>\n<p><strong>Autismustraining<\/strong><br \/>fortlaufende Hospitation mit den Patienten<\/p>\n<p><strong>Beratung und Supervision der Eltern und Fachleute<\/strong><br \/>(Lehrer, Erzieher, Ergotherapeuten, Logop\u00e4den)<\/p>\n<p>[\/et_pb_text][\/et_pb_column][\/et_pb_row][\/et_pb_section]<\/p>\n","protected":false},"excerpt":{"rendered":"<p>FortbildungenBisher von Dr. med.univ. Horia Saulean gehaltene Fortbildungsseminare und Vortr\u00e4ge: \u201eUmgang mit Krisen\u201c- p\u00e4dagogisch-therapeutisches Konzept f\u00fcr Jugendhilfeeinrichtungen &#8222;ADOS\u201c Diagnostische Beobachtungsskala f\u00fcr Autistische St\u00f6rungen (20.02.2012 L\u00c4K zertifiziert)) L\u00f6sungsorientierte Kurzzeittherapie mit Kindern und Jugendlichen (27.12. 2011 L\u00c4K zertifiziert)) \u201eSchulreife und Lernen in der Gruppe\u201c ADHS Management in der Praxis und fach\u00fcbergreifende Kooperation (L\u00c4K zertifiziert) Gruppentherapieen in der [&hellip;]<\/p>\n","protected":false},"author":1,"featured_media":0,"parent":0,"menu_order":0,"comment_status":"closed","ping_status":"closed","template":"","meta":{"_et_pb_use_builder":"on","_et_pb_old_content":"<!-- wp:divi\/placeholder \/-->","_et_gb_content_width":"","footnotes":""},"class_list":["post-41","page","type-page","status-publish","hentry"],"_links":{"self":[{"href":"https:\/\/dr-saulean.de\/index.php\/wp-json\/wp\/v2\/pages\/41","targetHints":{"allow":["GET"]}}],"collection":[{"href":"https:\/\/dr-saulean.de\/index.php\/wp-json\/wp\/v2\/pages"}],"about":[{"href":"https:\/\/dr-saulean.de\/index.php\/wp-json\/wp\/v2\/types\/page"}],"author":[{"embeddable":true,"href":"https:\/\/dr-saulean.de\/index.php\/wp-json\/wp\/v2\/users\/1"}],"replies":[{"embeddable":true,"href":"https:\/\/dr-saulean.de\/index.php\/wp-json\/wp\/v2\/comments?post=41"}],"version-history":[{"count":5,"href":"https:\/\/dr-saulean.de\/index.php\/wp-json\/wp\/v2\/pages\/41\/revisions"}],"predecessor-version":[{"id":438,"href":"https:\/\/dr-saulean.de\/index.php\/wp-json\/wp\/v2\/pages\/41\/revisions\/438"}],"wp:attachment":[{"href":"https:\/\/dr-saulean.de\/index.php\/wp-json\/wp\/v2\/media?parent=41"}],"curies":[{"name":"wp","href":"https:\/\/api.w.org\/{rel}","templated":true}]}}