{"id":45,"date":"2022-12-01T10:37:37","date_gmt":"2022-12-01T09:37:37","guid":{"rendered":"https:\/\/preview.dynaorth.de\/wp_HoriaTest\/?page_id=45"},"modified":"2023-08-04T10:08:58","modified_gmt":"2023-08-04T08:08:58","slug":"gruppentherapie","status":"publish","type":"page","link":"https:\/\/dr-saulean.de\/index.php\/gruppentherapie\/","title":{"rendered":"Gruppentherapie"},"content":{"rendered":"<p>[et_pb_section fb_built=&#8220;1&#8243; _builder_version=&#8220;4.19.2&#8243; _module_preset=&#8220;default&#8220; custom_padding=&#8220;4px||18px|||&#8220; global_colors_info=&#8220;{}&#8220;][et_pb_row _builder_version=&#8220;4.19.2&#8243; _module_preset=&#8220;default&#8220; custom_padding=&#8220;||9px|||&#8220; global_colors_info=&#8220;{}&#8220;][et_pb_column type=&#8220;4_4&#8243; _builder_version=&#8220;4.19.2&#8243; _module_preset=&#8220;default&#8220; global_colors_info=&#8220;{}&#8220;][et_pb_cta title=&#8220;Gruppentherapie&#8220; button_text=&#8220;Klicks&#8220; _builder_version=&#8220;4.19.2&#8243; _module_preset=&#8220;default&#8220; global_colors_info=&#8220;{}&#8220;]<\/p>\n<p><span>Folgende\u00a0<\/span><strong>Gruppentherapien<span>\u00a0<\/span><\/strong><span>werden derzeit durchgef\u00fchrt:<\/span><\/p>\n<p>[\/et_pb_cta][\/et_pb_column][\/et_pb_row][et_pb_row use_custom_gutter=&#8220;on&#8220; make_equal=&#8220;on&#8220; _builder_version=&#8220;4.19.2&#8243; _module_preset=&#8220;default&#8220; global_colors_info=&#8220;{}&#8220;][et_pb_column type=&#8220;4_4&#8243; _builder_version=&#8220;4.19.2&#8243; _module_preset=&#8220;default&#8220; global_colors_info=&#8220;{}&#8220;][et_pb_blurb title=&#8220;ADHS Training nach Lauth und Schlottke:&#8220; use_icon=&#8220;on&#8220; font_icon=&#8220;&#x3b;||divi||400&#8243; image_icon_background_color=&#8220;RGBA(255,255,255,0)&#8220; image_icon_width=&#8220;58px&#8220; content_max_width=&#8220;700px&#8220; _builder_version=&#8220;4.19.2&#8243; _module_preset=&#8220;default&#8220; header_text_color=&#8220;#00859B&#8220; background_enable_color=&#8220;off&#8220; custom_margin=&#8220;||4px|||&#8220; custom_padding=&#8220;||0px|||&#8220; global_colors_info=&#8220;{}&#8220;]<\/p>\n<p><span>Die Therapie greift die beim Kind diagnostizierten St\u00f6rungsschwerpunkte gezielt auf. Dabei werden sowohl dem Kind als auch den Eltern spezifische Kompetenzen vermittelt. Die Intervention gliedert sich in vier Therapiebausteine, die detailliert dargestellt werden:<\/span><\/p>\n<ul>\n<li style=\"list-style-type: none;\">\n<ul>\n<li style=\"list-style-type: none;\">\n<ul>\n<li>Basistraining zum Erwerb spezifischer Fertigkeiten bei der Eigensteuerung;<\/li>\n<li>Strategietraining zur Entwicklung eines bedacht-geordneten Vorgehens;<\/li>\n<li>Wissensvermittlung, um die \u00dcbertragung der Therapieinhalte auf die Schule zu erleichtern;<\/li>\n<li>Elternanleitung zur Unterst\u00fctzung des Therapiefortschritts und der Aufarbeitung spezifischer Interaktions- bzw. Erziehungsprobleme<\/li>\n<\/ul>\n<\/li>\n<\/ul>\n<\/li>\n<\/ul>\n<p>[\/et_pb_blurb][et_pb_blurb title=&#8220;Gruppen f\u00fcr Kinder und Jugendliche mit der Diagnose Asperger Syndrom&#8220; use_icon=&#8220;on&#8220; font_icon=&#8220;&#x3f;||divi||400&#8243; image_icon_background_color=&#8220;RGBA(255,255,255,0)&#8220; image_icon_width=&#8220;58px&#8220; content_max_width=&#8220;700px&#8220; _builder_version=&#8220;4.19.2&#8243; _module_preset=&#8220;default&#8220; header_text_color=&#8220;#00859B&#8220; background_enable_color=&#8220;off&#8220; custom_margin=&#8220;||2px|||&#8220; custom_padding=&#8220;||0px|||&#8220; global_colors_info=&#8220;{}&#8220;]<\/p>\n<p><span>Die Gruppen richten sich altersspezifisch an Kindern und Jugendlichen im Alter zwischen 12-19 Jahre. Es werden Fertigkeiten vermittelt, eigene Bed\u00fcrfnisse, Gef\u00fchle einzuordnen und auszudr\u00fccken und die Bed\u00fcrfnisse anderer wahrzunehmen.\u00a0 Dabei sollen eigene und fremde Grenzen erfahren, \u00dcberschreitun nicht die Beziehungen mit Gleichaltrigen, Eltern und Lehrern besch\u00e4digen. Das neu Erlernte wird in Rollenspielen ge\u00fcbt und soll auf den Alltag \u00fcbertragen werden.<\/span><\/p>\n<p>[\/et_pb_blurb][et_pb_icon font_icon=&#8220;&#x59;||divi||400&#8243; icon_width=&#8220;70px&#8220; _builder_version=&#8220;4.19.2&#8243; _module_preset=&#8220;default&#8220; custom_padding=&#8220;6px|||||&#8220; global_colors_info=&#8220;{}&#8220;][\/et_pb_icon][et_pb_text _builder_version=&#8220;4.19.2&#8243; _module_preset=&#8220;default&#8220; text_text_color=&#8220;#00859B&#8220; custom_padding=&#8220;||28px|||&#8220; global_colors_info=&#8220;{}&#8220;]<\/p>\n<h4 style=\"text-align: center;\"><span style=\"color: #00859b;\">Offene psychotherapeutische Gruppe f\u00fcr Jugendliche<\/span><\/h4>\n<h4 style=\"text-align: center;\"><span style=\"color: #00859b;\">Elterngruppen f\u00fcr Kinder und Jugendliche mit <\/span><span style=\"color: #00859b;\">ADHS<\/span><\/h4>\n<h4 style=\"text-align: center;\"><span style=\"color: #00859b;\">Fr\u00fchkindlicher Autismus<\/span><\/h4>\n<h4 style=\"text-align: center;\"><span style=\"color: #00859b;\">Asperger Autismus<\/span><\/h4>\n<p>[\/et_pb_text][\/et_pb_column][\/et_pb_row][et_pb_row column_structure=&#8220;1_3,1_3,1_3&#8243; _builder_version=&#8220;4.20.0&#8243; _module_preset=&#8220;default&#8220; locked=&#8220;off&#8220; global_colors_info=&#8220;{}&#8220;][et_pb_column type=&#8220;1_3&#8243; _builder_version=&#8220;4.19.2&#8243; _module_preset=&#8220;default&#8220; global_colors_info=&#8220;{}&#8220;][et_pb_blurb title=&#8220;Zirkustherapie&#8220; image=&#8220;https:\/\/preview.dynaorth.de\/wp_HoriaTest\/wp-content\/uploads\/2022\/12\/Praxis-Dr-Saulean-Malerei-9.jpg&#8220; _builder_version=&#8220;4.21.0&#8243; _dynamic_attributes=&#8220;link_option_url&#8220; _module_preset=&#8220;default&#8220; header_text_color=&#8220;#00859B&#8220; image_icon_custom_margin=&#8220;||-17px||false|false&#8220; link_option_url=&#8220;@ET-DC@eyJkeW5hbWljIjp0cnVlLCJjb250ZW50IjoicG9zdF9saW5rX3VybF9wYWdlIiwic2V0dGluZ3MiOnsicG9zdF9pZCI6IjQ3In19@&#8220; hover_enabled=&#8220;0&#8243; global_colors_info=&#8220;{}&#8220; sticky_enabled=&#8220;0&#8243;][\/et_pb_blurb][\/et_pb_column][et_pb_column type=&#8220;1_3&#8243; _builder_version=&#8220;4.19.2&#8243; _module_preset=&#8220;default&#8220; global_colors_info=&#8220;{}&#8220;][et_pb_blurb title=&#8220;Kunsttherapie&#8220; image=&#8220;https:\/\/preview.dynaorth.de\/wp_HoriaTest\/wp-content\/uploads\/2022\/12\/Praxis-Dr-Saulean-Malerei-6-1.jpg&#8220; _builder_version=&#8220;4.20.0&#8243; _dynamic_attributes=&#8220;link_option_url&#8220; _module_preset=&#8220;default&#8220; header_text_color=&#8220;#00859B&#8220; image_icon_custom_margin=&#8220;||-17px||false|false&#8220; link_option_url=&#8220;@ET-DC@eyJkeW5hbWljIjp0cnVlLCJjb250ZW50IjoicG9zdF9saW5rX3VybF9wYWdlIiwic2V0dGluZ3MiOnsicG9zdF9pZCI6IjI2OSJ9fQ==@&#8220; global_colors_info=&#8220;{}&#8220;][\/et_pb_blurb][\/et_pb_column][et_pb_column type=&#8220;1_3&#8243; _builder_version=&#8220;4.19.2&#8243; _module_preset=&#8220;default&#8220; global_colors_info=&#8220;{}&#8220;][et_pb_blurb title=&#8220;Autismustraining&#8220; image=&#8220;https:\/\/preview.dynaorth.de\/wp_HoriaTest\/wp-content\/uploads\/2022\/12\/Praxis-Dr-Saulean-Malerei-3-1-scaled.jpg&#8220; _builder_version=&#8220;4.20.0&#8243; _dynamic_attributes=&#8220;link_option_url&#8220; _module_preset=&#8220;default&#8220; header_text_color=&#8220;#00859B&#8220; image_icon_custom_margin=&#8220;||-17px||false|false&#8220; link_option_url=&#8220;@ET-DC@eyJkeW5hbWljIjp0cnVlLCJjb250ZW50IjoicG9zdF9saW5rX3VybF9wYWdlIiwic2V0dGluZ3MiOnsicG9zdF9pZCI6IjQ5In19@&#8220; global_colors_info=&#8220;{}&#8220;][\/et_pb_blurb][\/et_pb_column][\/et_pb_row][\/et_pb_section]<\/p>\n","protected":false},"excerpt":{"rendered":"<p>Folgende\u00a0Gruppentherapien\u00a0werden derzeit durchgef\u00fchrt:Die Therapie greift die beim Kind diagnostizierten St\u00f6rungsschwerpunkte gezielt auf. Dabei werden sowohl dem Kind als auch den Eltern spezifische Kompetenzen vermittelt. Die Intervention gliedert sich in vier Therapiebausteine, die detailliert dargestellt werden: Basistraining zum Erwerb spezifischer Fertigkeiten bei der Eigensteuerung; Strategietraining zur Entwicklung eines bedacht-geordneten Vorgehens; Wissensvermittlung, um die \u00dcbertragung der Therapieinhalte [&hellip;]<\/p>\n","protected":false},"author":1,"featured_media":0,"parent":0,"menu_order":0,"comment_status":"closed","ping_status":"closed","template":"","meta":{"_et_pb_use_builder":"on","_et_pb_old_content":"<!-- wp:divi\/placeholder \/-->","_et_gb_content_width":"","footnotes":""},"class_list":["post-45","page","type-page","status-publish","hentry"],"_links":{"self":[{"href":"https:\/\/dr-saulean.de\/index.php\/wp-json\/wp\/v2\/pages\/45","targetHints":{"allow":["GET"]}}],"collection":[{"href":"https:\/\/dr-saulean.de\/index.php\/wp-json\/wp\/v2\/pages"}],"about":[{"href":"https:\/\/dr-saulean.de\/index.php\/wp-json\/wp\/v2\/types\/page"}],"author":[{"embeddable":true,"href":"https:\/\/dr-saulean.de\/index.php\/wp-json\/wp\/v2\/users\/1"}],"replies":[{"embeddable":true,"href":"https:\/\/dr-saulean.de\/index.php\/wp-json\/wp\/v2\/comments?post=45"}],"version-history":[{"count":9,"href":"https:\/\/dr-saulean.de\/index.php\/wp-json\/wp\/v2\/pages\/45\/revisions"}],"predecessor-version":[{"id":607,"href":"https:\/\/dr-saulean.de\/index.php\/wp-json\/wp\/v2\/pages\/45\/revisions\/607"}],"wp:attachment":[{"href":"https:\/\/dr-saulean.de\/index.php\/wp-json\/wp\/v2\/media?parent=45"}],"curies":[{"name":"wp","href":"https:\/\/api.w.org\/{rel}","templated":true}]}}