{"id":47,"date":"2022-12-01T10:37:58","date_gmt":"2022-12-01T09:37:58","guid":{"rendered":"https:\/\/preview.dynaorth.de\/wp_HoriaTest\/?page_id=47"},"modified":"2023-07-31T22:30:23","modified_gmt":"2023-07-31T20:30:23","slug":"circustherapie","status":"publish","type":"page","link":"https:\/\/dr-saulean.de\/index.php\/circustherapie\/","title":{"rendered":"Circustherapie"},"content":{"rendered":"<p>[et_pb_section fb_built=&#8220;1&#8243; _builder_version=&#8220;4.19.2&#8243; _module_preset=&#8220;default&#8220; custom_padding=&#8220;4px||18px|||&#8220; global_colors_info=&#8220;{}&#8220;][et_pb_row _builder_version=&#8220;4.19.2&#8243; _module_preset=&#8220;default&#8220; custom_padding=&#8220;||9px|||&#8220; global_colors_info=&#8220;{}&#8220;][et_pb_column type=&#8220;4_4&#8243; _builder_version=&#8220;4.19.2&#8243; _module_preset=&#8220;default&#8220; global_colors_info=&#8220;{}&#8220;][et_pb_cta title=&#8220;Zirkusk\u00fcnste in der Therapie<br \/>\n&#8220; button_text=&#8220;Klicks&#8220; _builder_version=&#8220;4.21.0&#8243; _module_preset=&#8220;default&#8220; hover_enabled=&#8220;0&#8243; global_colors_info=&#8220;{}&#8220; sticky_enabled=&#8220;0&#8243;]<\/p>\n<p><span>In Gruppen von 5 Kindern \u00fcben wir verschiedene Zirkusk\u00fcnste aus den Bereichen Handgeschicklichkeiten, Akrobatik und Balance. Beispiele sind: Balljonglage, Diabolo spielen, Menschepyramiden bauen, Rola-Rola.<\/span><br \/><span>Zun\u00e4chst finden wir spielerisch den Zugang zu den einzelnen Ger\u00e4ten und Bewegungsformen. Kleine Lernschritte sowie kleine und gro\u00dfe Erfolgserlebnisse steigern das Interesse und helfen dabei, in einen Lernprozess einzusteigen, an dessen Ende der Erfolg in Form eines Kunstst\u00fccks oder sogar einer kleinen Auff\u00fchrung steht.<\/span><\/p>\n<p>[\/et_pb_cta][\/et_pb_column][\/et_pb_row][et_pb_row use_custom_gutter=&#8220;on&#8220; make_equal=&#8220;on&#8220; _builder_version=&#8220;4.19.2&#8243; _module_preset=&#8220;default&#8220; global_colors_info=&#8220;{}&#8220;][et_pb_column type=&#8220;4_4&#8243; _builder_version=&#8220;4.19.2&#8243; _module_preset=&#8220;default&#8220; global_colors_info=&#8220;{}&#8220;][et_pb_blurb title=&#8220;Organisatorisches:&#8220; use_icon=&#8220;on&#8220; font_icon=&#8220;&#xe108;||divi||400&#8243; image_icon_background_color=&#8220;RGBA(255,255,255,0)&#8220; image_icon_width=&#8220;58px&#8220; content_max_width=&#8220;700px&#8220; _builder_version=&#8220;4.19.2&#8243; _module_preset=&#8220;default&#8220; header_text_color=&#8220;#00859B&#8220; background_enable_color=&#8220;off&#8220; min_height=&#8220;175.6px&#8220; custom_margin=&#8220;||4px|||&#8220; custom_padding=&#8220;||1px|||&#8220; global_colors_info=&#8220;{}&#8220;]<\/p>\n<p><span>Die psychomotorische Therapie mit Zirkusk\u00fcnsten ist ein integraler Bestandteil des Therapieangebotes der Praxis Dr. Saulean. <span style=\"color: #00859b;\"><strong>Voraussetzung ist ein \u00e4rztlicher Ersttermin bei Herrn Dr. Saulean.<\/strong><\/span><\/span><\/p>\n<p>[\/et_pb_blurb][et_pb_blurb title=&#8220;Warum Zirkus?&#8220; use_icon=&#8220;on&#8220; font_icon=&#8220;&#xe0f5;||divi||400&#8243; image_icon_background_color=&#8220;RGBA(255,255,255,0)&#8220; image_icon_width=&#8220;58px&#8220; content_max_width=&#8220;700px&#8220; _builder_version=&#8220;4.19.2&#8243; _module_preset=&#8220;default&#8220; header_text_color=&#8220;#00859B&#8220; background_enable_color=&#8220;off&#8220; custom_margin=&#8220;17px||2px|||&#8220; custom_padding=&#8220;||0px|||&#8220; global_colors_info=&#8220;{}&#8220;]<\/p>\n<p><span>Das farbenfrohe Zirkusmaterial l\u00e4dt nicht nur Kinder und Jugendliche zum Ausprobieren ein. \u00dcber Jonglierb\u00e4lle, Diabolos oder andere Zirkusger\u00e4te kommen \u00dcbender und Anleiter schnell in Kontakt. Dabei ist jede Erfahrung, die der \u00dcbende macht, echt. Niemand kann nur so tun als w\u00fcrde er jonglieren oder auf dem Seil laufen. Jedes Erfolgserlebnis ist selbst erarbeitet.<\/span><br \/><span>Dabei ist der Einstieg leicht, beispielsweise mit nur einem Ball. In kleinen Schritten werden Grundtechniken und kleine Tricks erlernt. Die Freude und das Lachen sind dabei genauso wichtig wie Konzentration und Ausdauer.<\/span><br \/><span>In der Gruppe \u00f6ffnen wir den Blick f\u00fcr die Fortschritte eines jeden Einzelnen sowie der ganzen Gruppe. Die Achtsamkeit spielt beim gemeinsamen \u00dcben eine gro\u00dfe Rolle und wird aktiv erfahren und gef\u00f6rdert.<\/span><\/p>\n<p>[\/et_pb_blurb][et_pb_blurb title=&#8220;Die Inhalte&#8220; use_icon=&#8220;on&#8220; font_icon=&#8220;&#x68;||divi||400&#8243; image_icon_background_color=&#8220;RGBA(255,255,255,0)&#8220; image_icon_width=&#8220;58px&#8220; content_max_width=&#8220;700px&#8220; _builder_version=&#8220;4.21.0&#8243; _module_preset=&#8220;default&#8220; header_text_color=&#8220;#00859B&#8220; background_enable_color=&#8220;off&#8220; custom_margin=&#8220;17px||2px|||&#8220; custom_padding=&#8220;||0px|||&#8220; global_colors_info=&#8220;{}&#8220;]<\/p>\n<p><strong><span style=\"color: #666666;\">Handgeschicklichkeiten\/Jonglage<\/span><\/strong><br \/>&#8211; Beziehung zum und Umgang mit dem Ger\u00e4t<br \/>&#8211; Rhythmus &#8211; N\u00e4he und Distanz &#8211; \u00dcben mit einem Partner<\/p>\n<p><strong>Spiele und K\u00f6rpertraining<\/strong><br \/>&#8211; Gemeinsam lachen<br \/>&#8211; Lernen in der Gruppe<br \/>&#8211; Reaktionsverm\u00f6gen f\u00f6rdern<br \/>&#8211; den eigenen K\u00f6rper, seine Kraft und Beweglichkeit kennenlernen und f\u00f6rdern<\/p>\n<p>[\/et_pb_blurb][\/et_pb_column][\/et_pb_row][et_pb_row column_structure=&#8220;1_3,1_3,1_3&#8243; _builder_version=&#8220;4.20.0&#8243; _module_preset=&#8220;default&#8220; locked=&#8220;off&#8220; global_colors_info=&#8220;{}&#8220;][et_pb_column type=&#8220;1_3&#8243; _builder_version=&#8220;4.19.2&#8243; _module_preset=&#8220;default&#8220; global_colors_info=&#8220;{}&#8220;][et_pb_blurb title=&#8220;Gruppentherapie&#8220; image=&#8220;https:\/\/preview.dynaorth.de\/wp_HoriaTest\/wp-content\/uploads\/2022\/12\/Praxis-Dr-Saulean-Malerei-11.jpg&#8220; _builder_version=&#8220;4.20.0&#8243; _dynamic_attributes=&#8220;link_option_url&#8220; _module_preset=&#8220;default&#8220; header_text_color=&#8220;#00859B&#8220; image_icon_custom_margin=&#8220;||-17px||false|false&#8220; link_option_url=&#8220;@ET-DC@eyJkeW5hbWljIjp0cnVlLCJjb250ZW50IjoicG9zdF9saW5rX3VybF9wYWdlIiwic2V0dGluZ3MiOnsicG9zdF9pZCI6IjQ1In19@&#8220; global_colors_info=&#8220;{}&#8220;][\/et_pb_blurb][\/et_pb_column][et_pb_column type=&#8220;1_3&#8243; _builder_version=&#8220;4.19.2&#8243; _module_preset=&#8220;default&#8220; global_colors_info=&#8220;{}&#8220;][et_pb_blurb title=&#8220;Autismustraining&#8220; image=&#8220;https:\/\/preview.dynaorth.de\/wp_HoriaTest\/wp-content\/uploads\/2022\/12\/Praxis-Dr-Saulean-Malerei-3-1-scaled.jpg&#8220; _builder_version=&#8220;4.20.0&#8243; _dynamic_attributes=&#8220;link_option_url&#8220; _module_preset=&#8220;default&#8220; header_text_color=&#8220;#00859B&#8220; image_icon_custom_margin=&#8220;||-17px||false|false&#8220; link_option_url=&#8220;@ET-DC@eyJkeW5hbWljIjp0cnVlLCJjb250ZW50IjoicG9zdF9saW5rX3VybF9wYWdlIiwic2V0dGluZ3MiOnsicG9zdF9pZCI6IjQ5In19@&#8220; global_colors_info=&#8220;{}&#8220;][\/et_pb_blurb][\/et_pb_column][et_pb_column type=&#8220;1_3&#8243; _builder_version=&#8220;4.19.2&#8243; _module_preset=&#8220;default&#8220; global_colors_info=&#8220;{}&#8220;][et_pb_blurb title=&#8220;Kunsttherapie&#8220; image=&#8220;https:\/\/preview.dynaorth.de\/wp_HoriaTest\/wp-content\/uploads\/2022\/12\/Praxis-Dr-Saulean-Malerei-6-1.jpg&#8220; _builder_version=&#8220;4.20.0&#8243; _dynamic_attributes=&#8220;link_option_url&#8220; _module_preset=&#8220;default&#8220; header_text_color=&#8220;#00859B&#8220; image_icon_custom_margin=&#8220;||-17px||false|false&#8220; link_option_url=&#8220;@ET-DC@eyJkeW5hbWljIjp0cnVlLCJjb250ZW50IjoicG9zdF9saW5rX3VybF9wYWdlIiwic2V0dGluZ3MiOnsicG9zdF9pZCI6IjI2OSJ9fQ==@&#8220; global_colors_info=&#8220;{}&#8220;][\/et_pb_blurb][\/et_pb_column][\/et_pb_row][\/et_pb_section]<\/p>\n","protected":false},"excerpt":{"rendered":"<p>In Gruppen von 5 Kindern \u00fcben wir verschiedene Zirkusk\u00fcnste aus den Bereichen Handgeschicklichkeiten, Akrobatik und Balance. Beispiele sind: Balljonglage, Diabolo spielen, Menschepyramiden bauen, Rola-Rola.Zun\u00e4chst finden wir spielerisch den Zugang zu den einzelnen Ger\u00e4ten und Bewegungsformen. Kleine Lernschritte sowie kleine und gro\u00dfe Erfolgserlebnisse steigern das Interesse und helfen dabei, in einen Lernprozess einzusteigen, an dessen Ende [&hellip;]<\/p>\n","protected":false},"author":1,"featured_media":0,"parent":0,"menu_order":0,"comment_status":"closed","ping_status":"closed","template":"","meta":{"_et_pb_use_builder":"on","_et_pb_old_content":"<!-- wp:divi\/placeholder \/-->","_et_gb_content_width":"","footnotes":""},"class_list":["post-47","page","type-page","status-publish","hentry"],"_links":{"self":[{"href":"https:\/\/dr-saulean.de\/index.php\/wp-json\/wp\/v2\/pages\/47","targetHints":{"allow":["GET"]}}],"collection":[{"href":"https:\/\/dr-saulean.de\/index.php\/wp-json\/wp\/v2\/pages"}],"about":[{"href":"https:\/\/dr-saulean.de\/index.php\/wp-json\/wp\/v2\/types\/page"}],"author":[{"embeddable":true,"href":"https:\/\/dr-saulean.de\/index.php\/wp-json\/wp\/v2\/users\/1"}],"replies":[{"embeddable":true,"href":"https:\/\/dr-saulean.de\/index.php\/wp-json\/wp\/v2\/comments?post=47"}],"version-history":[{"count":9,"href":"https:\/\/dr-saulean.de\/index.php\/wp-json\/wp\/v2\/pages\/47\/revisions"}],"predecessor-version":[{"id":596,"href":"https:\/\/dr-saulean.de\/index.php\/wp-json\/wp\/v2\/pages\/47\/revisions\/596"}],"wp:attachment":[{"href":"https:\/\/dr-saulean.de\/index.php\/wp-json\/wp\/v2\/media?parent=47"}],"curies":[{"name":"wp","href":"https:\/\/api.w.org\/{rel}","templated":true}]}}