{"id":49,"date":"2022-12-01T10:38:45","date_gmt":"2022-12-01T09:38:45","guid":{"rendered":"https:\/\/preview.dynaorth.de\/wp_HoriaTest\/?page_id=49"},"modified":"2023-08-04T10:27:47","modified_gmt":"2023-08-04T08:27:47","slug":"kunsttherapie","status":"publish","type":"page","link":"https:\/\/dr-saulean.de\/index.php\/kunsttherapie\/","title":{"rendered":"Autismustraining"},"content":{"rendered":"<p>[et_pb_section fb_built=&#8220;1&#8243; _builder_version=&#8220;4.19.2&#8243; _module_preset=&#8220;default&#8220; custom_padding=&#8220;4px||18px|||&#8220; global_colors_info=&#8220;{}&#8220;][et_pb_row _builder_version=&#8220;4.19.2&#8243; _module_preset=&#8220;default&#8220; custom_padding=&#8220;||9px|||&#8220; global_colors_info=&#8220;{}&#8220;][et_pb_column type=&#8220;4_4&#8243; _builder_version=&#8220;4.19.2&#8243; _module_preset=&#8220;default&#8220; global_colors_info=&#8220;{}&#8220;][et_pb_cta title=&#8220;Autismustraining&#8220; button_text=&#8220;Klicks&#8220; _builder_version=&#8220;4.19.2&#8243; _module_preset=&#8220;default&#8220; global_colors_info=&#8220;{}&#8220;]<\/p>\n<p><span>Bei\u00a0<\/span><strong>Verdacht einer Autismus-Spektrum-St\u00f6rung<\/strong><span>\u00a0wird eine ausf\u00fchrliche\u00a0<\/span><strong>Diagnose<\/strong><span>\u00a0der Kinder und Jugendlichen in der Praxis Dr. Saulean durchgef\u00fchrt. Auf die Diagnostische Phase folgt eine Testbesprechung mit den Eltern. Dabei werden die n\u00e4chsten Schritte besprochen:<\/span><\/p>\n<p>[\/et_pb_cta][\/et_pb_column][\/et_pb_row][et_pb_row use_custom_gutter=&#8220;on&#8220; make_equal=&#8220;on&#8220; _builder_version=&#8220;4.19.2&#8243; _module_preset=&#8220;default&#8220; custom_padding=&#8220;||4px|||&#8220; global_colors_info=&#8220;{}&#8220;][et_pb_column type=&#8220;4_4&#8243; _builder_version=&#8220;4.19.2&#8243; _module_preset=&#8220;default&#8220; global_colors_info=&#8220;{}&#8220;][et_pb_blurb title=&#8220;Testbesprechung:&#8220; use_icon=&#8220;on&#8220; font_icon=&#8220;&#x77;||divi||400&#8243; image_icon_background_color=&#8220;RGBA(255,255,255,0)&#8220; image_icon_width=&#8220;58px&#8220; content_max_width=&#8220;700px&#8220; _builder_version=&#8220;4.19.2&#8243; _module_preset=&#8220;default&#8220; header_text_color=&#8220;#00859B&#8220; background_enable_color=&#8220;off&#8220; min_height=&#8220;175.6px&#8220; custom_margin=&#8220;||4px|||&#8220; custom_padding=&#8220;||1px|||&#8220; global_colors_info=&#8220;{}&#8220;]<\/p>\n<ul>\n<li style=\"list-style-type: none;\">\n<ul>\n<li style=\"list-style-type: none;\">\n<ul>\n<li>Falls notwendig, eine weitere<span>\u00a0<\/span><strong>medizinische Abkl\u00e4rungen<\/strong><span>\u00a0<\/span>(EEG, Chromosomenuntersuchung, etc.)<\/li>\n<li><strong>Chrono-biologische Therapien<\/strong><\/li>\n<li><strong>Funktionstherapien<\/strong><span>\u00a0<\/span>(Ergotherapie, Logop\u00e4die)<\/li>\n<li><strong>Medikament\u00f6se Therapie<\/strong><span>\u00a0<\/span>bei Bedarf zur Unterst\u00fctzung der therapeutischen und sozialp\u00e4dagogischen Bem\u00fchungen.<\/li>\n<li>Einleiten von<span>\u00a0<\/span><strong>Eingliederungma\u00dfnahmen<\/strong><span>\u00a0<\/span>durch das Sozialamt oder die Jugendhilfe (Integrationshilfe, Schulbegleitung)<\/li>\n<li>Teilnahme am<strong><span>\u00a0<\/span>Autismus- Training:<span>\u00a0<\/span><\/strong>diese setzt voraus, dass die Kinder und Jugendlichen bereits die Diagnose Autismus erhalten haben.<\/li>\n<\/ul>\n<\/li>\n<\/ul>\n<\/li>\n<\/ul>\n<p>[\/et_pb_blurb][et_pb_blurb title=&#8220;Autismus Training&#8220; use_icon=&#8220;on&#8220; font_icon=&#8220;&#x3f;||divi||400&#8243; image_icon_background_color=&#8220;RGBA(255,255,255,0)&#8220; image_icon_width=&#8220;58px&#8220; content_max_width=&#8220;700px&#8220; _builder_version=&#8220;4.19.2&#8243; _module_preset=&#8220;default&#8220; header_text_color=&#8220;#00859B&#8220; background_enable_color=&#8220;off&#8220; custom_margin=&#8220;17px||2px|||&#8220; custom_padding=&#8220;||0px|||&#8220; global_colors_info=&#8220;{}&#8220;]<\/p>\n<div><span>Das\u00a0<strong>Autismus Training<\/strong><\/span><span>\u00a0<\/span>beinhaltet:<\/div>\n<ul>\n<li style=\"list-style-type: none;\">\n<ul>\n<li style=\"list-style-type: none;\">\n<ul>\n<li>Fortlaufende<span>\u00a0<\/span><strong>Elternschulung<\/strong><span>\u00a0<\/span>(obligatorische Teilnahme)<\/li>\n<li>Fortlaufendes<span>\u00a0<\/span><strong>Autismustraining<\/strong><span>\u00a0<\/span>mit den Patienten<\/li>\n<li>Fortlaufende<span>\u00a0<\/span><strong>Beratung und Supervision<\/strong><span>\u00a0<\/span>der Eltern und Fachleute (Lehrer, Erzieher, Ergotherapeuten, Logop\u00e4den, etc.)<\/li>\n<\/ul>\n<\/li>\n<\/ul>\n<\/li>\n<\/ul>\n<p>[\/et_pb_blurb][et_pb_blurb title=&#8220;F\u00fcr Kinder- und Jugendliche mit der Diagnose Fr\u00fchkindlicher Autismus<br \/>\n&#8220; use_icon=&#8220;on&#8220; font_icon=&#8220;&#x3b;||divi||400&#8243; image_icon_background_color=&#8220;RGBA(255,255,255,0)&#8220; image_icon_width=&#8220;58px&#8220; content_max_width=&#8220;700px&#8220; _builder_version=&#8220;4.21.0&#8243; _module_preset=&#8220;default&#8220; header_text_color=&#8220;#00859B&#8220; background_enable_color=&#8220;off&#8220; custom_margin=&#8220;17px||2px|||&#8220; custom_padding=&#8220;||0px|||&#8220; hover_enabled=&#8220;0&#8243; global_colors_info=&#8220;{}&#8220; sticky_enabled=&#8220;0&#8243;]<\/p>\n<ul>\n<li style=\"list-style-type: none;\">\n<ul>\n<li style=\"list-style-type: none;\">\n<ul>\n<li>TEACCH, F\u00fchrung nach Affolter,<\/li>\n<li>Unterst\u00fctzte Kommunikation<\/li>\n<li>Autismusspezifische Verhaltenstherapie<\/li>\n<li>F\u00f6rderdiagnose und Lehrpl\u00e4ne<\/li>\n<li>Soziale Fertigkeiten \u2013 Social Stories<\/li>\n<li>Sensorisches Training<\/li>\n<li>Anbahnung konkreter Wahrnehmung<\/li>\n<li>Gest\u00fctzte Kommunikation<\/li>\n<\/ul>\n<\/li>\n<\/ul>\n<\/li>\n<\/ul>\n<p>[\/et_pb_blurb][et_pb_blurb title=&#8220;Asperger Syndrom (oder High-Functioning Autismus)&#8220; use_icon=&#8220;on&#8220; font_icon=&#8220;&#x31;||divi||400&#8243; image_icon_background_color=&#8220;RGBA(255,255,255,0)&#8220; image_icon_width=&#8220;58px&#8220; content_max_width=&#8220;700px&#8220; _builder_version=&#8220;4.19.2&#8243; _module_preset=&#8220;default&#8220; header_text_color=&#8220;#00859B&#8220; background_enable_color=&#8220;off&#8220; custom_margin=&#8220;17px||2px|||&#8220; custom_padding=&#8220;||0px|||&#8220; global_colors_info=&#8220;{}&#8220;]<\/p>\n<p><span>F\u00fcr Kinder- und Jugendliche mit der\u00a0<\/span><strong>Diagnose Asperger Syndrom<\/strong><span>\u00a0(<\/span><strong>oder High-Functioning Autismus<\/strong><span>) zus\u00e4tzlich:<\/span><\/p>\n<ul>\n<li style=\"list-style-type: none;\">\n<ul>\n<li style=\"list-style-type: none;\">\n<ul>\n<li>TEACCH, F\u00fchrung nach Affolter,<\/li>\n<li>Unterst\u00fctzte Kommunikation,<\/li>\n<li>Autismusspezifische Verhaltenstherapie<\/li>\n<li>F\u00f6rderdiagnose und Lehrpl\u00e4ne<\/li>\n<li>Soziale Fertigkeiten \u2013 Social Stories<\/li>\n<\/ul>\n<\/li>\n<\/ul>\n<\/li>\n<\/ul>\n<p>[\/et_pb_blurb][\/et_pb_column][\/et_pb_row][et_pb_row column_structure=&#8220;1_3,1_3,1_3&#8243; _builder_version=&#8220;4.20.0&#8243; _module_preset=&#8220;default&#8220; locked=&#8220;off&#8220; global_colors_info=&#8220;{}&#8220;][et_pb_column type=&#8220;1_3&#8243; _builder_version=&#8220;4.19.2&#8243; _module_preset=&#8220;default&#8220; global_colors_info=&#8220;{}&#8220;][et_pb_blurb title=&#8220;Gruppentherapie&#8220; image=&#8220;https:\/\/preview.dynaorth.de\/wp_HoriaTest\/wp-content\/uploads\/2022\/12\/Praxis-Dr-Saulean-Malerei-11.jpg&#8220; _builder_version=&#8220;4.20.0&#8243; _dynamic_attributes=&#8220;link_option_url&#8220; _module_preset=&#8220;default&#8220; header_text_color=&#8220;#00859B&#8220; image_icon_custom_margin=&#8220;||-17px||false|false&#8220; link_option_url=&#8220;@ET-DC@eyJkeW5hbWljIjp0cnVlLCJjb250ZW50IjoicG9zdF9saW5rX3VybF9wYWdlIiwic2V0dGluZ3MiOnsicG9zdF9pZCI6IjQ1In19@&#8220; global_colors_info=&#8220;{}&#8220;][\/et_pb_blurb][\/et_pb_column][et_pb_column type=&#8220;1_3&#8243; _builder_version=&#8220;4.19.2&#8243; _module_preset=&#8220;default&#8220; global_colors_info=&#8220;{}&#8220;][et_pb_blurb title=&#8220;Zirkustherapie&#8220; image=&#8220;https:\/\/preview.dynaorth.de\/wp_HoriaTest\/wp-content\/uploads\/2022\/12\/Praxis-Dr-Saulean-Malerei-9.jpg&#8220; _builder_version=&#8220;4.21.0&#8243; _dynamic_attributes=&#8220;link_option_url&#8220; _module_preset=&#8220;default&#8220; header_text_color=&#8220;#00859B&#8220; image_icon_custom_margin=&#8220;||-17px||false|false&#8220; link_option_url=&#8220;@ET-DC@eyJkeW5hbWljIjp0cnVlLCJjb250ZW50IjoicG9zdF9saW5rX3VybF9wYWdlIiwic2V0dGluZ3MiOnsicG9zdF9pZCI6IjQ3In19@&#8220; global_colors_info=&#8220;{}&#8220;][\/et_pb_blurb][\/et_pb_column][et_pb_column type=&#8220;1_3&#8243; _builder_version=&#8220;4.19.2&#8243; _module_preset=&#8220;default&#8220; global_colors_info=&#8220;{}&#8220;][et_pb_blurb title=&#8220;Kunsttherapie&#8220; image=&#8220;https:\/\/preview.dynaorth.de\/wp_HoriaTest\/wp-content\/uploads\/2022\/12\/Praxis-Dr-Saulean-Malerei-6-1.jpg&#8220; _builder_version=&#8220;4.20.0&#8243; _dynamic_attributes=&#8220;link_option_url&#8220; _module_preset=&#8220;default&#8220; header_text_color=&#8220;#00859B&#8220; image_icon_custom_margin=&#8220;||-17px||false|false&#8220; link_option_url=&#8220;@ET-DC@eyJkeW5hbWljIjp0cnVlLCJjb250ZW50IjoicG9zdF9saW5rX3VybF9wYWdlIiwic2V0dGluZ3MiOnsicG9zdF9pZCI6IjI2OSJ9fQ==@&#8220; global_colors_info=&#8220;{}&#8220;][\/et_pb_blurb][\/et_pb_column][\/et_pb_row][\/et_pb_section]<\/p>\n","protected":false},"excerpt":{"rendered":"<p>Bei\u00a0Verdacht einer Autismus-Spektrum-St\u00f6rung\u00a0wird eine ausf\u00fchrliche\u00a0Diagnose\u00a0der Kinder und Jugendlichen in der Praxis Dr. Saulean durchgef\u00fchrt. Auf die Diagnostische Phase folgt eine Testbesprechung mit den Eltern. Dabei werden die n\u00e4chsten Schritte besprochen: Falls notwendig, eine weitere\u00a0medizinische Abkl\u00e4rungen\u00a0(EEG, Chromosomenuntersuchung, etc.) Chrono-biologische Therapien Funktionstherapien\u00a0(Ergotherapie, Logop\u00e4die) Medikament\u00f6se Therapie\u00a0bei Bedarf zur Unterst\u00fctzung der therapeutischen und sozialp\u00e4dagogischen Bem\u00fchungen. Einleiten von\u00a0Eingliederungma\u00dfnahmen\u00a0durch das Sozialamt [&hellip;]<\/p>\n","protected":false},"author":1,"featured_media":0,"parent":0,"menu_order":0,"comment_status":"closed","ping_status":"closed","template":"","meta":{"_et_pb_use_builder":"on","_et_pb_old_content":"<!-- wp:divi\/placeholder \/-->","_et_gb_content_width":"","footnotes":""},"class_list":["post-49","page","type-page","status-publish","hentry"],"_links":{"self":[{"href":"https:\/\/dr-saulean.de\/index.php\/wp-json\/wp\/v2\/pages\/49","targetHints":{"allow":["GET"]}}],"collection":[{"href":"https:\/\/dr-saulean.de\/index.php\/wp-json\/wp\/v2\/pages"}],"about":[{"href":"https:\/\/dr-saulean.de\/index.php\/wp-json\/wp\/v2\/types\/page"}],"author":[{"embeddable":true,"href":"https:\/\/dr-saulean.de\/index.php\/wp-json\/wp\/v2\/users\/1"}],"replies":[{"embeddable":true,"href":"https:\/\/dr-saulean.de\/index.php\/wp-json\/wp\/v2\/comments?post=49"}],"version-history":[{"count":11,"href":"https:\/\/dr-saulean.de\/index.php\/wp-json\/wp\/v2\/pages\/49\/revisions"}],"predecessor-version":[{"id":611,"href":"https:\/\/dr-saulean.de\/index.php\/wp-json\/wp\/v2\/pages\/49\/revisions\/611"}],"wp:attachment":[{"href":"https:\/\/dr-saulean.de\/index.php\/wp-json\/wp\/v2\/media?parent=49"}],"curies":[{"name":"wp","href":"https:\/\/api.w.org\/{rel}","templated":true}]}}