{"id":6,"date":"2022-12-01T09:57:30","date_gmt":"2022-12-01T08:57:30","guid":{"rendered":"https:\/\/preview.dynaorth.de\/wp_HoriaTest\/?page_id=6"},"modified":"2026-02-06T18:49:30","modified_gmt":"2026-02-06T17:49:30","slug":"start","status":"publish","type":"page","link":"https:\/\/dr-saulean.de\/","title":{"rendered":"Praxis"},"content":{"rendered":"<p>[et_pb_section fb_built=&#8220;1&#8243; fullwidth=&#8220;on&#8220; _builder_version=&#8220;4.19.2&#8243; _module_preset=&#8220;default&#8220; global_colors_info=&#8220;{}&#8220;][et_pb_fullwidth_slider _builder_version=&#8220;4.27.3&#8243; _module_preset=&#8220;default&#8220; header_font=&#8220;|600|||||||&#8220; header_text_shadow_style=&#8220;preset2&#8243; body_text_shadow_style=&#8220;preset5&#8243; global_colors_info=&#8220;{}&#8220;][et_pb_slide heading=&#8220;Herzlich Willkommen in unserer Praxis&#8220; _builder_version=&#8220;4.27.3&#8243; _module_preset=&#8220;default&#8220; background_enable_color=&#8220;off&#8220; background_image=&#8220;https:\/\/dr-saulean.de\/wp-content\/uploads\/2022\/12\/Banner-Start01_Dr_Saulean_Singen.jpg&#8220; background_enable_image=&#8220;on&#8220; global_colors_info=&#8220;{}&#8220; sticky_transition=&#8220;on&#8220;]<\/p>\n<h4>Ihre Praxis f\u00fcr Kinder- und Jugendpsychiatrie, Psychotherapie und Systemische Familientherapie<\/h4>\n<p>[\/et_pb_slide][et_pb_slide _builder_version=&#8220;4.27.3&#8243; _module_preset=&#8220;default&#8220; background_enable_color=&#8220;off&#8220; background_image=&#8220;https:\/\/dr-saulean.de\/wp-content\/uploads\/2022\/12\/Banner-Start04_Dr_Saulean_Singen.jpg&#8220; background_enable_image=&#8220;on&#8220; global_colors_info=&#8220;{}&#8220; sticky_transition=&#8220;on&#8220;][\/et_pb_slide][et_pb_slide _builder_version=&#8220;4.27.3&#8243; _module_preset=&#8220;default&#8220; header_font_size=&#8220;33px&#8220; background_enable_color=&#8220;off&#8220; background_image=&#8220;https:\/\/dr-saulean.de\/wp-content\/uploads\/2022\/12\/Banner-Start02_Dr_Saulean_Singen.jpg&#8220; background_enable_image=&#8220;on&#8220; global_colors_info=&#8220;{}&#8220; sticky_transition=&#8220;on&#8220;][\/et_pb_slide][\/et_pb_fullwidth_slider][\/et_pb_section][et_pb_section fb_built=&#8220;1&#8243; _builder_version=&#8220;4.19.2&#8243; _module_preset=&#8220;default&#8220; custom_padding=&#8220;4px||4px|||&#8220; global_colors_info=&#8220;{}&#8220;][et_pb_row _builder_version=&#8220;4.19.4&#8243; _module_preset=&#8220;default&#8220; global_colors_info=&#8220;{}&#8220;][et_pb_column type=&#8220;4_4&#8243; _builder_version=&#8220;4.19.4&#8243; _module_preset=&#8220;default&#8220; global_colors_info=&#8220;{}&#8220;][et_pb_blurb title=&#8220;Herzlich Willkommen in unserer Praxis&#8220; _builder_version=&#8220;4.23.4&#8243; _module_preset=&#8220;default&#8220; header_font=&#8220;|700|||||||&#8220; header_text_align=&#8220;center&#8220; header_text_color=&#8220;#00859B&#8220; global_colors_info=&#8220;{}&#8220;]<\/p>\n<h5 style=\"text-align: center;\">Ihre Praxis f\u00fcr Kinder- und Jugendpsychiatrie, Psychotherapie und<\/h5>\n<h5 style=\"text-align: center;\">Systemische Familientherapie f\u00fcr Kinder und Jugendliche<\/h5>\n<h5 style=\"text-align: center;\">im Alter von 3 bis 18 Jahren<\/h5>\n<p>&nbsp;<\/p>\n<p>[\/et_pb_blurb][\/et_pb_column][\/et_pb_row][et_pb_row _builder_version=&#8220;4.19.4&#8243; _module_preset=&#8220;default&#8220; background_color=&#8220;#00859B&#8220; width=&#8220;30%&#8220; width_tablet=&#8220;30%&#8220; width_phone=&#8220;100%&#8220; width_last_edited=&#8220;on|phone&#8220; global_colors_info=&#8220;{}&#8220;][et_pb_column type=&#8220;4_4&#8243; _builder_version=&#8220;4.19.4&#8243; _module_preset=&#8220;default&#8220; global_colors_info=&#8220;{}&#8220;][et_pb_text _builder_version=&#8220;4.19.4&#8243; _module_preset=&#8220;default&#8220; background_layout=&#8220;dark&#8220; custom_padding=&#8220;6px||||false|false&#8220; global_colors_info=&#8220;{}&#8220;]<\/p>\n<h4 style=\"text-align: center;\"><strong>Schwerpunkte der Praxist\u00e4tigkeit<\/strong><\/h4>\n<p>[\/et_pb_text][\/et_pb_column][\/et_pb_row][\/et_pb_section][et_pb_section fb_built=&#8220;1&#8243; _builder_version=&#8220;4.19.2&#8243; _module_preset=&#8220;default&#8220; custom_padding=&#8220;13px||6px|||&#8220; global_colors_info=&#8220;{}&#8220;][et_pb_row column_structure=&#8220;1_2,1_2&#8243; use_custom_gutter=&#8220;on&#8220; make_equal=&#8220;on&#8220; _builder_version=&#8220;4.19.4&#8243; _module_preset=&#8220;default&#8220; min_height=&#8220;289px&#8220; custom_padding=&#8220;||10px|||&#8220; global_colors_info=&#8220;{}&#8220;][et_pb_column type=&#8220;1_2&#8243; _builder_version=&#8220;4.19.2&#8243; _module_preset=&#8220;default&#8220; global_colors_info=&#8220;{}&#8220;][et_pb_blurb title=&#8220;St\u00f6rung der Aufmerksamkeit und Aktivit\u00e4t AD(H)S&#8220; use_icon=&#8220;on&#8220; font_icon=&#8220;&#x31;||divi||400&#8243; image_icon_background_color=&#8220;RGBA(255,255,255,0)&#8220; image_icon_width=&#8220;58px&#8220; _builder_version=&#8220;4.23.4&#8243; _module_preset=&#8220;default&#8220; header_text_color=&#8220;#00859B&#8220; background_enable_color=&#8220;off&#8220; global_colors_info=&#8220;{}&#8220;][\/et_pb_blurb][et_pb_counters use_percentages=&#8220;off&#8220; _builder_version=&#8220;4.23.4&#8243; _module_preset=&#8220;default&#8220; global_colors_info=&#8220;{}&#8220;][et_pb_counter percent=&#8220;100&#8243; _builder_version=&#8220;4.23.4&#8243; _module_preset=&#8220;default&#8220; title_font=&#8220;||||||||&#8220; title_font_size=&#8220;13px&#8220; title_line_height=&#8220;1.4em&#8220; global_colors_info=&#8220;{}&#8220; bar_background_color_default=&#8220;#00859b&#8220; use_percentages=&#8220;off&#8220;]Mein Kind kann nicht ruhig sitzen, st\u00f6rt im Unterricht, wir haben Streit wegen den Hausaufgaben[\/et_pb_counter][et_pb_counter percent=&#8220;100&#8243; _builder_version=&#8220;4.23.4&#8243; _module_preset=&#8220;default&#8220; title_font=&#8220;||||||||&#8220; title_font_size=&#8220;13px&#8220; title_line_height=&#8220;1.4em&#8220; custom_margin=&#8220;18px||||false|false&#8220; global_colors_info=&#8220;{}&#8220; bar_background_color_default=&#8220;#00859b&#8220; use_percentages=&#8220;off&#8220;]Mein Kind  h\u00f6rt nicht auf mich, rastet aus, ist aggressiv, hat Wutausbr\u00fcche[\/et_pb_counter][\/et_pb_counters][et_pb_button button_url=&#8220;@ET-DC@eyJkeW5hbWljIjp0cnVlLCJjb250ZW50IjoicG9zdF9saW5rX3VybF9wYWdlIiwic2V0dGluZ3MiOnsicG9zdF9pZCI6IjI5MCJ9fQ==@&#8220; button_text=&#8220;mehr erfahren &#8230;&#8220; button_alignment=&#8220;center&#8220; _builder_version=&#8220;4.19.4&#8243; _dynamic_attributes=&#8220;button_url&#8220; _module_preset=&#8220;default&#8220; custom_button=&#8220;on&#8220; button_text_size=&#8220;17px&#8220; button_text_color=&#8220;#00859B&#8220; button_border_color=&#8220;#00859B&#8220; global_colors_info=&#8220;{}&#8220;][\/et_pb_button][\/et_pb_column][et_pb_column type=&#8220;1_2&#8243; _builder_version=&#8220;4.19.2&#8243; _module_preset=&#8220;default&#8220; global_colors_info=&#8220;{}&#8220;][et_pb_blurb title=&#8220;St\u00f6rungen der schulischen Fertigkeiten&#8220; use_icon=&#8220;on&#8220; font_icon=&#8220;&#x6c;||divi||400&#8243; image_icon_background_color=&#8220;RGBA(255,255,255,0)&#8220; image_icon_width=&#8220;58px&#8220; _builder_version=&#8220;4.19.4&#8243; _module_preset=&#8220;default&#8220; header_text_color=&#8220;#00859B&#8220; global_colors_info=&#8220;{}&#8220;][\/et_pb_blurb][et_pb_counters use_percentages=&#8220;off&#8220; _builder_version=&#8220;4.23.4&#8243; _module_preset=&#8220;default&#8220; global_colors_info=&#8220;{}&#8220;][et_pb_counter percent=&#8220;100&#8243; _builder_version=&#8220;4.23.4&#8243; _module_preset=&#8220;default&#8220; title_font=&#8220;||||||||&#8220; title_font_size=&#8220;13px&#8220; title_line_height=&#8220;1.4em&#8220; global_colors_info=&#8220;{}&#8220; bar_background_color_default=&#8220;#00859b&#8220; use_percentages=&#8220;off&#8220;]Mein Kind kann nicht gut rechnen\/lesen, schreiben, hat Probleme in der Schule, mit den Lehrern, mit Gleichaltrige, mit dem Lernen[\/et_pb_counter][et_pb_counter percent=&#8220;100&#8243; _builder_version=&#8220;4.23.4&#8243; _module_preset=&#8220;default&#8220; title_font=&#8220;||||||||&#8220; title_font_size=&#8220;13px&#8220; title_line_height=&#8220;1.4em&#8220; global_colors_info=&#8220;{}&#8220; bar_background_color_default=&#8220;#00859b&#8220; use_percentages=&#8220;off&#8220;]Mein Kind entspricht nicht den Leistungsanforderungen der Schule, obwohl es sich beim Lernen anstrengt, wird nicht versetzt[\/et_pb_counter][\/et_pb_counters][et_pb_button button_url=&#8220;@ET-DC@eyJkeW5hbWljIjp0cnVlLCJjb250ZW50IjoicG9zdF9saW5rX3VybF9wYWdlIiwic2V0dGluZ3MiOnsicG9zdF9pZCI6IjMzMyJ9fQ==@&#8220; button_text=&#8220;mehr erfahren &#8230;&#8220; button_alignment=&#8220;center&#8220; _builder_version=&#8220;4.19.4&#8243; _dynamic_attributes=&#8220;button_url&#8220; _module_preset=&#8220;default&#8220; custom_button=&#8220;on&#8220; button_text_size=&#8220;17px&#8220; button_text_color=&#8220;#00859B&#8220; button_border_color=&#8220;#00859B&#8220; global_colors_info=&#8220;{}&#8220;][\/et_pb_button][\/et_pb_column][\/et_pb_row][et_pb_row column_structure=&#8220;1_2,1_2&#8243; use_custom_gutter=&#8220;on&#8220; make_equal=&#8220;on&#8220; _builder_version=&#8220;4.19.2&#8243; _module_preset=&#8220;default&#8220; min_height=&#8220;521px&#8220; custom_padding=&#8220;||7px|||&#8220; global_colors_info=&#8220;{}&#8220;][et_pb_column type=&#8220;1_2&#8243; _builder_version=&#8220;4.19.2&#8243; _module_preset=&#8220;default&#8220; global_colors_info=&#8220;{}&#8220;][et_pb_blurb title=&#8220;Autismusspezifische Diagnostik und Therapie&#8220; use_icon=&#8220;on&#8220; font_icon=&#8220;&#x50;||divi||400&#8243; image_icon_background_color=&#8220;RGBA(255,255,255,0)&#8220; image_icon_width=&#8220;58px&#8220; _builder_version=&#8220;4.27.4&#8243; _module_preset=&#8220;default&#8220; header_text_color=&#8220;#00859B&#8220; global_colors_info=&#8220;{}&#8220;]<\/p>\n<p><span>Sensomotorische F\u00fchrung AFFOLTER, TEACCH, Unterst\u00fctzte Kommunikation<\/span><br \/><span>Verhaltenstherapeutisches Training<\/span><br \/><span>Asperger- Gruppe: Training der sozialen Fertigkeiten<\/span><br \/><span>Elternberatung und -Training<\/span><br \/><span>Einleiten verschiedener Ma\u00dfnahmen der Eingliederungshilfe (SBG VIII, \u00a735a)<\/span><\/p>\n<p>[\/et_pb_blurb][et_pb_counters use_percentages=&#8220;off&#8220; _builder_version=&#8220;4.23.4&#8243; _module_preset=&#8220;default&#8220; global_colors_info=&#8220;{}&#8220;][et_pb_counter percent=&#8220;100&#8243; _builder_version=&#8220;4.23.4&#8243; _module_preset=&#8220;default&#8220; title_font=&#8220;||||||||&#8220; title_font_size=&#8220;13px&#8220; title_line_height=&#8220;1.4em&#8220; global_colors_info=&#8220;{}&#8220; bar_background_color_default=&#8220;#00859b&#8220; use_percentages=&#8220;off&#8220;]Mein Kind h\u00e4lt kein Blickkontakt, entwickelt sich langsamer, spricht nicht[\/et_pb_counter][et_pb_counter percent=&#8220;100&#8243; _builder_version=&#8220;4.23.4&#8243; _module_preset=&#8220;default&#8220; title_font=&#8220;||||||||&#8220; title_font_size=&#8220;13px&#8220; title_line_height=&#8220;1.4em&#8220; global_colors_info=&#8220;{}&#8220; bar_background_color_default=&#8220;#00859b&#8220; use_percentages=&#8220;off&#8220;]Kann nicht mit anderen Kindern spielen, hat Sonderinteressen, ist anders als die meisten Kinder[\/et_pb_counter][\/et_pb_counters][et_pb_button button_url=&#8220;@ET-DC@eyJkeW5hbWljIjp0cnVlLCJjb250ZW50IjoicG9zdF9saW5rX3VybF9wYWdlIiwic2V0dGluZ3MiOnsicG9zdF9pZCI6IjI5OCJ9fQ==@&#8220; button_text=&#8220;mehr erfahren &#8230;&#8220; button_alignment=&#8220;center&#8220; _builder_version=&#8220;4.19.4&#8243; _dynamic_attributes=&#8220;button_url&#8220; _module_preset=&#8220;default&#8220; custom_button=&#8220;on&#8220; button_text_size=&#8220;17px&#8220; button_text_color=&#8220;#00859B&#8220; button_border_color=&#8220;#00859B&#8220; global_colors_info=&#8220;{}&#8220;][\/et_pb_button][\/et_pb_column][et_pb_column type=&#8220;1_2&#8243; _builder_version=&#8220;4.19.2&#8243; _module_preset=&#8220;default&#8220; global_colors_info=&#8220;{}&#8220;][et_pb_blurb title=&#8220;%22Klassische psychiatrische St\u00f6rungen und Erkrankungen%22&#8243; use_icon=&#8220;on&#8220; font_icon=&#8220;&#xe0ff;||divi||400&#8243; image_icon_background_color=&#8220;RGBA(255,255,255,0)&#8220; image_icon_width=&#8220;58px&#8220; _builder_version=&#8220;4.19.4&#8243; _module_preset=&#8220;default&#8220; header_text_color=&#8220;#00859B&#8220; global_colors_info=&#8220;{}&#8220;]<\/p>\n<p><span>Angst-, Depressions-, Manie-, Zwangserkrankungen, Emotionale St\u00f6rungen (soziale \u00c4ngstlichkeit, Mutismus, Trennungs\u00e4ngste), Verhaltensst\u00f6rungen (aggressives Verhalten, mit k\u00f6rperlichen Symptomen), Einn\u00e4ssen, Einkoten u.a<\/span><\/p>\n<p><span><\/span><\/p>\n<p><span><\/span><\/p>\n<p><span><\/span><\/p>\n<p>[\/et_pb_blurb][et_pb_counters use_percentages=&#8220;off&#8220; _builder_version=&#8220;4.23.4&#8243; _module_preset=&#8220;default&#8220; global_colors_info=&#8220;{}&#8220;][et_pb_counter percent=&#8220;100&#8243; _builder_version=&#8220;4.23.4&#8243; _module_preset=&#8220;default&#8220; title_font=&#8220;||||||||&#8220; title_font_size=&#8220;13px&#8220; title_line_height=&#8220;1.4em&#8220; global_colors_info=&#8220;{}&#8220; bar_background_color_default=&#8220;#00859b&#8220; use_percentages=&#8220;off&#8220;]Mein Kind hat Angst, hat \u201eTics\u201c, ist oft traurig und weint viel[\/et_pb_counter][et_pb_counter percent=&#8220;100&#8243; _builder_version=&#8220;4.23.4&#8243; _module_preset=&#8220;default&#8220; title_font=&#8220;||||||||&#8220; title_font_size=&#8220;13px&#8220; custom_margin=&#8220;30px||||false|false&#8220; global_colors_info=&#8220;{}&#8220; bar_background_color_default=&#8220;#00859b&#8220; use_percentages=&#8220;off&#8220;]Mein Kind verletzt sich selbst, ritzt sich[\/et_pb_counter][\/et_pb_counters][et_pb_button button_url=&#8220;@ET-DC@eyJkeW5hbWljIjp0cnVlLCJjb250ZW50IjoicG9zdF9saW5rX3VybF9wYWdlIiwic2V0dGluZ3MiOnsicG9zdF9pZCI6IjMyNCJ9fQ==@&#8220; button_text=&#8220;mehr erfahren &#8230;&#8220; button_alignment=&#8220;center&#8220; _builder_version=&#8220;4.19.4&#8243; _dynamic_attributes=&#8220;button_url&#8220; _module_preset=&#8220;default&#8220; custom_button=&#8220;on&#8220; button_text_size=&#8220;17px&#8220; button_text_color=&#8220;#00859B&#8220; button_border_color=&#8220;#00859B&#8220; global_colors_info=&#8220;{}&#8220;][\/et_pb_button][\/et_pb_column][\/et_pb_row][et_pb_row _builder_version=&#8220;4.23.4&#8243; _module_preset=&#8220;default&#8220; custom_padding=&#8220;59px|||||&#8220; global_colors_info=&#8220;{}&#8220;][et_pb_column type=&#8220;4_4&#8243; _builder_version=&#8220;4.23.4&#8243; _module_preset=&#8220;default&#8220; global_colors_info=&#8220;{}&#8220;][et_pb_blurb title=&#8220;Sozialpsychiatrie-Vereinbarung&#8220; content_max_width=&#8220;1100px&#8220; _builder_version=&#8220;4.23.4&#8243; _module_preset=&#8220;default&#8220; header_text_align=&#8220;center&#8220; header_text_color=&#8220;#00859B&#8220; custom_padding=&#8220;0px|||||&#8220; global_colors_info=&#8220;{}&#8220;]<\/p>\n<p>Das Ziel der Sozialpsychiatrie-Vereinbarung ist eine ganzheitliche Versorgung von Kindern und Jugendlichen. In einem interdisziplin\u00e4ren Team von Fachleuten werden neben \u00e4rztlichen Leistungen auch psychologisch-psychotherapeutische, heilp\u00e4dagogische und psychosoziale Unterst\u00fctzung angeboten. Dazu geh\u00f6ren Diagnostik, Beratung und therapeutische Begleitung der Patienten und ihrer Familien sowie Vernetzung mit anderen Einrichtungen.<\/p>\n<p>Im Rahmen unseres Praxisablaufs k\u00f6nnen in der Regel <strong>keine w\u00f6chentlichen<\/strong> Therapietermine angeboten werden.<\/p>\n<p>[\/et_pb_blurb][\/et_pb_column][\/et_pb_row][et_pb_row disabled_on=&#8220;on|on|on&#8220; _builder_version=&#8220;4.27.4&#8243; _dynamic_attributes=&#8220;link_option_url&#8220; _module_preset=&#8220;default&#8220; background_color=&#8220;#00859B&#8220; width=&#8220;32%&#8220; width_tablet=&#8220;62%&#8220; width_phone=&#8220;100%&#8220; width_last_edited=&#8220;on|phone&#8220; link_option_url=&#8220;@ET-DC@eyJkeW5hbWljIjp0cnVlLCJjb250ZW50IjoicG9zdF9saW5rX3VybF9wYWdlIiwic2V0dGluZ3MiOnsicG9zdF9pZCI6IjY4In19@&#8220; sticky_position=&#8220;bottom&#8220; sticky_limit_top=&#8220;section&#8220; sticky_limit_bottom=&#8220;section&#8220; scroll_scaling_enable=&#8220;on&#8220; global_colors_info=&#8220;{}&#8220; disabled=&#8220;on&#8220;][et_pb_column type=&#8220;4_4&#8243; _builder_version=&#8220;4.19.4&#8243; _module_preset=&#8220;default&#8220; global_colors_info=&#8220;{}&#8220;][et_pb_blurb title=&#8220;Lesen Sie bitte die Informationen \u00fcber den Ablauf in der Praxis&#8220; use_icon=&#8220;on&#8220; font_icon=&#8220;&#xe01d;||divi||400&#8243; icon_color=&#8220;#FFFFFF&#8220; image_icon_width=&#8220;45px&#8220; image_icon_width_tablet=&#8220;45px&#8220; image_icon_width_phone=&#8220;45px&#8220; image_icon_width_last_edited=&#8220;on|desktop&#8220; disabled_on=&#8220;off|off|off&#8220; _builder_version=&#8220;4.27.4&#8243; _module_preset=&#8220;default&#8220; header_text_align=&#8220;center&#8220; header_text_color=&#8220;#FFFFFF&#8220; header_font_size=&#8220;14px&#8220; text_orientation=&#8220;center&#8220; module_alignment=&#8220;center&#8220; custom_padding=&#8220;|10px||10px|false|false&#8220; header_text_color_tablet=&#8220;#FFFFFF&#8220; header_text_color_phone=&#8220;#FFFFFF&#8220; header_text_color_last_edited=&#8220;on|phone&#8220; body_font_size_tablet=&#8220;&#8220; body_font_size_phone=&#8220;&#8220; body_font_size_last_edited=&#8220;on|phone&#8220; global_colors_info=&#8220;{}&#8220;]<\/p>\n<h4 style=\"text-align: center;\"><strong><span style=\"color: #ffffff;\"><\/span><\/strong><\/h4>\n<h4 style=\"text-align: center;\"><strong><span style=\"color: #ffffff;\">ANMELDUNG<\/span><\/strong><\/h4>\n<p><strong><span style=\"color: #ffffff;\"><\/span><\/strong><\/p>\n<p><strong><span style=\"color: #ffffff;\"><\/span><\/strong><\/p>\n<h4 style=\"text-align: center;\"><strong style=\"font-size: 18px;\"><span style=\"color: #ffffff;\">ERSTGESPR\u00c4CH | PRAXISABLAUF<\/span><\/strong><\/h4>\n<p>[\/et_pb_blurb][\/et_pb_column][\/et_pb_row][et_pb_row disabled_on=&#8220;on|on|off&#8220; _builder_version=&#8220;4.19.4&#8243; _module_preset=&#8220;default&#8220; custom_padding=&#8220;||0px|||&#8220; global_colors_info=&#8220;{}&#8220;][et_pb_column type=&#8220;4_4&#8243; _builder_version=&#8220;4.19.4&#8243; _module_preset=&#8220;default&#8220; global_colors_info=&#8220;{}&#8220;][et_pb_divider show_divider=&#8220;off&#8220; _builder_version=&#8220;4.19.4&#8243; _module_preset=&#8220;default&#8220; global_colors_info=&#8220;{}&#8220;][\/et_pb_divider][\/et_pb_column][\/et_pb_row][et_pb_row _builder_version=&#8220;4.19.2&#8243; _module_preset=&#8220;default&#8220; custom_margin=&#8220;1px|auto|1px|auto|true|&#8220; global_colors_info=&#8220;{}&#8220;][et_pb_column type=&#8220;4_4&#8243; _builder_version=&#8220;4.19.2&#8243; _module_preset=&#8220;default&#8220; global_colors_info=&#8220;{}&#8220;][et_pb_text _builder_version=&#8220;4.21.0&#8243; _module_preset=&#8220;default&#8220; custom_padding=&#8220;0px|||||&#8220; global_colors_info=&#8220;{}&#8220;]<\/p>\n<h4 style=\"text-align: center;\"><span style=\"color: #00859b;\">Diagnostik<\/span><\/h4>\n<p>Die Probleme der Kinder und Jugendlichen sind oft ein Ausdruck von Schwierigkeiten, die sie bei der Bew\u00e4ltigung ihrer Entwicklungsaufgaben erleben. Diese dr\u00fccken sich in mannigfaltiger Art im Verhalten aus: \u00c4ngste, Depression, sozialer R\u00fcckzug, Zw\u00e4nge, aggressives Verhalten, k\u00f6rperliche Beschwerden, und vieles mehr.<\/p>\n<p>Im Gespr\u00e4ch mit den Kindern oder Jugendlichen und den Eltern\/Sorgeberechtigten wird den Ursachen dieser Symptome, den emotionalen Belastungen im sozialen und famili\u00e4ren Umfeld nachgegangen.<\/p>\n<ul>\n<li>Mittels psychologischer Tests und Frageb\u00f6gen werden Fragen zur<br \/>Leistungsf\u00e4higkeit (Intelligenztests)<br \/>Aufmerksamkeitsleistung (AD(H)S)<br \/>schulischen Fertigkeit (bei Lese- Rechtschreib- und Rechenschw\u00e4che)<br \/>Sinneswahrnehmung und -Integration (Teilleistungsschw\u00e4chen)<\/li>\n<\/ul>\n<p>des Kindes beantwortet.<\/p>\n<p>[\/et_pb_text][et_pb_text _builder_version=&#8220;4.19.4&#8243; _module_preset=&#8220;default&#8220; global_colors_info=&#8220;{}&#8220;]<\/p>\n<h4 style=\"text-align: center;\"><span style=\"color: #00859b;\">\u00a0\u00a0\u00a0 Therapien<\/span><\/h4>\n<p>Folgende Therapierichtungen kommen zur Anwendung:<\/p>\n<p>&#8211;\u00a0 Einzeltherapie als Verhaltenstherapie (Kognitive Verhaltenstherapie, Akzeptanz- und Commitmenttherapie)<\/p>\n<p>&#8211;\u00a0 Systemische Therapie (Familientherapie, Paartherapie)<\/p>\n<p>&#8211;\u00a0 K\u00fcnstlerische Therapien (Musiktherapie, Kunsttherapie)<\/p>\n<p>&#8211; Gruppentherapien (ADHS Gruppentraining, Asperger -Gruppe, psychomotorische Gruppe mit Zirkuselementen)<\/p>\n<p>[\/et_pb_text][et_pb_text _builder_version=&#8220;4.19.4&#8243; _module_preset=&#8220;default&#8220; global_colors_info=&#8220;{}&#8220;]<\/p>\n<h4 style=\"text-align: center;\"><span style=\"color: #00859b;\">Einzeltherapien<\/span><\/h4>\n<p>Hier sollen <strong>im Einzelsetting und durch Einbeziehung der Eltern<\/strong> und weiteren Bezugspersonen durch verbale Interventionen und \u00fcbenden Verfahren auf der Grundlage einer therapeutischen Arbeitsbeziehung die Ausbildung neuer F\u00e4higkeiten und Erm\u00f6glichung einer besseren Selbstregulation gef\u00f6rdert werden, eigene und fremde Gedanken und Bewertungen verst\u00e4ndlich gemacht, werden diese gegebenenfalls korrigiert und in neue Verhaltensweisen umgesetzt werden.<\/p>\n<p>Erlernen der <strong>Strategien<\/strong> im Umgang mit frustrierenden Situationen und <strong>Selbstmanagement<\/strong> zur Wutkontrolle in Einzelbehandlung mit Einbeziehen der Eltern und systemrelevanten Personen (Lehrer, Familienhelfer, etc.).<\/p>\n<p>[\/et_pb_text][et_pb_text _builder_version=&#8220;4.19.2&#8243; _module_preset=&#8220;default&#8220; global_colors_info=&#8220;{}&#8220;]<\/p>\n<h4 style=\"text-align: center;\"><span style=\"color: #00859b;\">Kooperation mit anderen Berufsgruppen und Institutionen:<\/span><\/h4>\n<p>Vernetzung mit niedergelassenen <strong>\u00c4rztInnen<\/strong>: Haus\u00e4rztInnen, Kinder\u00e4rztInnen, Fach\u00e4rzte verschiedener Richtungen (Neurologie, P\u00e4daudiologie), und <strong>TherapeutInnen<\/strong> (Psychotherapie, Ergotherapie- und Logop\u00e4diepraxen in der Region), mit der Kinderklinik in Singen.<\/p>\n<p>Zus\u00e4tzlich wird das Mitwirken der LehrerInnen und Erzieher der besuchten <strong>Schulen und Tagesst\u00e4tten<\/strong>, beziehungsweise der Kinderg\u00e4rtnerInnen angestrebt.<\/p>\n<p>Wenn notwendig wird in Absprache mit den Eltern die Hilfe der <strong>Jugendwohlfahrtsmitarbeiter<\/strong> bzw. der <strong>Eingliederungshilfe im Sozialamt<\/strong> in Anspruch genommen.<\/p>\n<p>[\/et_pb_text][\/et_pb_column][\/et_pb_row][et_pb_row _builder_version=&#8220;4.19.4&#8243; _module_preset=&#8220;default&#8220; custom_padding=&#8220;||5px|||&#8220; global_colors_info=&#8220;{}&#8220;][et_pb_column type=&#8220;4_4&#8243; _builder_version=&#8220;4.19.4&#8243; _module_preset=&#8220;default&#8220; global_colors_info=&#8220;{}&#8220;][et_pb_text _builder_version=&#8220;4.23.4&#8243; _module_preset=&#8220;default&#8220; global_colors_info=&#8220;{}&#8220;]<\/p>\n<h4 style=\"text-align: center;\"><span style=\"color: #00859b;\">Privatleistungen<\/span><\/h4>\n<ul>\n<li><strong>Testpsychologische Untersuchungen oder Beratungsgespr\u00e4che auf Wunsch des Patienten<\/strong><\/li>\n<li><strong> Erstellung von Attesten und Gutachten, z.B. f\u00fcr Gerichte, Kindergarten, Schule, Jugendamt, Sozialamt, Arbeitsamt<br \/><\/strong><\/li>\n<li><strong>Gutachten in Familienrechtssachen (auf Anfrage der Gerichte)<br \/><\/strong><\/li>\n<li><strong>Einstellungsgutachten f\u00fcr Polizei und Bundeswehr etc<\/strong><strong><\/strong><\/li>\n<\/ul>\n<p>Besteht aufgrund einer psychiatrischen Diagnose die Gefahr, dass sich eine seelische Behinderung entwickelt und die Teilhabe an das Gesellschaftsleben beeintr\u00e4chtigt wird, kann die Unterst\u00fctzung des <strong>Amtes f\u00fcr Jugend und Familie<\/strong> oder <strong>Gesundheit und Soziales<\/strong> angefordert werden. Daf\u00fcr ist es m\u00f6glich, folgende Stellungnahmen in Auftrag zu geben:<\/p>\n<ul>\n<li><strong>Stellungnahme nach \u00a735a<\/strong><\/li>\n<li><strong>Feststellung nach dem Schwerbehindertenrecht<\/strong><\/li>\n<\/ul>\n<p>Au\u00dferdem k\u00f6nnen auch Gutachten an das Familiengericht bez\u00fcglich des <strong>\u201eEinrichten einer gesetzlichen Betreuung\u201c<\/strong> erstellt werden.<\/p>\n<p>&nbsp;<\/p>\n<p>[\/et_pb_text][\/et_pb_column][\/et_pb_row][\/et_pb_section][et_pb_section fb_built=&#8220;1&#8243; fullwidth=&#8220;on&#8220; disabled_on=&#8220;on|on|on&#8220; _builder_version=&#8220;4.27.3&#8243; _module_preset=&#8220;default&#8220; disabled=&#8220;on&#8220; global_colors_info=&#8220;{}&#8220;][et_pb_fullwidth_code _builder_version=&#8220;4.20.0&#8243; _module_preset=&#8220;default&#8220; global_colors_info=&#8220;{}&#8220;][wpgmza id=&#8220;1&#8243;][\/et_pb_fullwidth_code][\/et_pb_section]<\/p>\n","protected":false},"excerpt":{"rendered":"<p>Ihre Praxis f\u00fcr Kinder- und Jugendpsychiatrie, Psychotherapie und Systemische FamilientherapieIhre Praxis f\u00fcr Kinder- und Jugendpsychiatrie, Psychotherapie und Systemische Familientherapie f\u00fcr Kinder und Jugendliche im Alter von 3 bis 18 Jahren &nbsp;Schwerpunkte der Praxist\u00e4tigkeitMein Kind kann nicht ruhig sitzen, st\u00f6rt im Unterricht, wir haben Streit wegen den HausaufgabenMein Kind h\u00f6rt nicht auf mich, rastet aus, ist [&hellip;]<\/p>\n","protected":false},"author":1,"featured_media":0,"parent":0,"menu_order":0,"comment_status":"closed","ping_status":"closed","template":"","meta":{"_et_pb_use_builder":"on","_et_pb_old_content":"","_et_gb_content_width":"","footnotes":""},"class_list":["post-6","page","type-page","status-publish","hentry"],"_links":{"self":[{"href":"https:\/\/dr-saulean.de\/index.php\/wp-json\/wp\/v2\/pages\/6","targetHints":{"allow":["GET"]}}],"collection":[{"href":"https:\/\/dr-saulean.de\/index.php\/wp-json\/wp\/v2\/pages"}],"about":[{"href":"https:\/\/dr-saulean.de\/index.php\/wp-json\/wp\/v2\/types\/page"}],"author":[{"embeddable":true,"href":"https:\/\/dr-saulean.de\/index.php\/wp-json\/wp\/v2\/users\/1"}],"replies":[{"embeddable":true,"href":"https:\/\/dr-saulean.de\/index.php\/wp-json\/wp\/v2\/comments?post=6"}],"version-history":[{"count":87,"href":"https:\/\/dr-saulean.de\/index.php\/wp-json\/wp\/v2\/pages\/6\/revisions"}],"predecessor-version":[{"id":838,"href":"https:\/\/dr-saulean.de\/index.php\/wp-json\/wp\/v2\/pages\/6\/revisions\/838"}],"wp:attachment":[{"href":"https:\/\/dr-saulean.de\/index.php\/wp-json\/wp\/v2\/media?parent=6"}],"curies":[{"name":"wp","href":"https:\/\/api.w.org\/{rel}","templated":true}]}}