{"id":68,"date":"2022-12-01T10:50:41","date_gmt":"2022-12-01T09:50:41","guid":{"rendered":"https:\/\/preview.dynaorth.de\/wp_HoriaTest\/?page_id=68"},"modified":"2026-02-06T18:51:09","modified_gmt":"2026-02-06T17:51:09","slug":"praxisablauf","status":"publish","type":"page","link":"https:\/\/dr-saulean.de\/index.php\/praxisablauf\/","title":{"rendered":"Praxisablauf"},"content":{"rendered":"<p>[et_pb_section fb_built=&#8220;1&#8243; _builder_version=&#8220;4.19.2&#8243; _module_preset=&#8220;default&#8220; custom_padding=&#8220;4px||18px|||&#8220; global_colors_info=&#8220;{}&#8220;][et_pb_row _builder_version=&#8220;4.19.2&#8243; _module_preset=&#8220;default&#8220; custom_padding=&#8220;||9px|||&#8220; global_colors_info=&#8220;{}&#8220;][et_pb_column type=&#8220;4_4&#8243; _builder_version=&#8220;4.19.2&#8243; _module_preset=&#8220;default&#8220; global_colors_info=&#8220;{}&#8220;][et_pb_cta title=&#8220;Praxisablauf&#8220; button_text=&#8220;Klicks&#8220; _builder_version=&#8220;4.19.4&#8243; _module_preset=&#8220;default&#8220; global_colors_info=&#8220;{}&#8220;]<\/p>\n<p><strong>Informationen \u00fcber den Ablauf in der Praxis<\/strong><\/p>\n<p>[\/et_pb_cta][\/et_pb_column][\/et_pb_row][et_pb_row use_custom_gutter=&#8220;on&#8220; make_equal=&#8220;on&#8220; _builder_version=&#8220;4.19.2&#8243; _module_preset=&#8220;default&#8220; min_height=&#8220;228.4px&#8220; custom_padding=&#8220;||17px|||&#8220; global_colors_info=&#8220;{}&#8220;][et_pb_column type=&#8220;4_4&#8243; _builder_version=&#8220;4.19.2&#8243; _module_preset=&#8220;default&#8220; global_colors_info=&#8220;{}&#8220;][et_pb_blurb title=&#8220;Der erste Kontakt: Vereinbarung eines Termins&#8220; use_icon=&#8220;on&#8220; font_icon=&#8220;&#xe009;||divi||400&#8243; image_icon_background_color=&#8220;RGBA(255,255,255,0)&#8220; image_icon_width=&#8220;58px&#8220; content_max_width=&#8220;700px&#8220; _builder_version=&#8220;4.23.4&#8243; _module_preset=&#8220;default&#8220; header_text_color=&#8220;#00859B&#8220; background_enable_color=&#8220;off&#8220; custom_margin=&#8220;||4px|||&#8220; custom_padding=&#8220;||0px|||&#8220; global_colors_info=&#8220;{}&#8220;]<\/p>\n<p>Ein\u00a0<strong>erster Vorstellungstermin<\/strong>\u00a0wird <strong>ausschlie\u00dflich \u00fcber die Webseite<\/strong> \u00fcber den Button nebenan angemeldet. Es k\u00f6nnen Eltern oder gegebenenfalls ab 16 Jahren die Jugendlichen selbst die Unterlagen vollst\u00e4ndig ausf\u00fcllen und anschlie\u00dfend an die Praxis versenden.<\/p>\n<p>[\/et_pb_blurb][\/et_pb_column][\/et_pb_row][et_pb_row disabled_on=&#8220;off|off|off&#8220; _builder_version=&#8220;4.27.4&#8243; _module_preset=&#8220;default&#8220; background_color=&#8220;#FFFFFF&#8220; width=&#8220;30%&#8220; width_tablet=&#8220;70%&#8220; width_phone=&#8220;100%&#8220; width_last_edited=&#8220;on|desktop&#8220; min_height=&#8220;150.8px&#8220; custom_margin=&#8220;27px|auto||auto||&#8220; custom_padding=&#8220;5px||3px||false|false&#8220; global_colors_info=&#8220;{}&#8220;][et_pb_column type=&#8220;4_4&#8243; _builder_version=&#8220;4.23.4&#8243; _module_preset=&#8220;default&#8220; background_color=&#8220;#E02B20&#8243; global_colors_info=&#8220;{}&#8220;][et_pb_cta button_text=&#8220;Klicks&#8220; disabled_on=&#8220;off|off|off&#8220; _builder_version=&#8220;4.27.4&#8243; _module_preset=&#8220;default&#8220; header_level=&#8220;h6&#8243; header_font=&#8220;|700|||||||&#8220; body_font=&#8220;|700|||||||&#8220; body_font_size=&#8220;15px&#8220; background_color=&#8220;rgba(224,14,0,0)&#8220; width=&#8220;100%&#8220; min_height=&#8220;75.8px&#8220; custom_margin=&#8220;||-7px|||&#8220; animation_style=&#8220;bounce&#8220; body_font_size_tablet=&#8220;15px&#8220; body_font_size_phone=&#8220;14px&#8220; body_font_size_last_edited=&#8220;on|phone&#8220; global_colors_info=&#8220;{}&#8220;]<\/p>\n<p style=\"text-align: justify;\">Derzeit werden keine neuen Patienten aufgenommen! Sobald wir \u00fcber freie Pl\u00e4tze verf\u00fcgen, wird es an dieser Stelle bekanntgegeben. Bitte haben Sie Geduld und sehen Sie von telefonischen Anfragen ab.<\/p>\n<p style=\"text-align: center;\">Vielen Dank f\u00fcr Ihr Verst\u00e4ndnis!<\/p>\n<p>[\/et_pb_cta][\/et_pb_column][\/et_pb_row][et_pb_row use_custom_gutter=&#8220;on&#8220; make_equal=&#8220;on&#8220; _builder_version=&#8220;4.19.2&#8243; _module_preset=&#8220;default&#8220; custom_padding=&#8220;||17px|||&#8220; global_colors_info=&#8220;{}&#8220;][et_pb_column type=&#8220;4_4&#8243; _builder_version=&#8220;4.19.2&#8243; _module_preset=&#8220;default&#8220; global_colors_info=&#8220;{}&#8220;][et_pb_blurb image_icon_background_color=&#8220;RGBA(255,255,255,0)&#8220; image_icon_width=&#8220;58px&#8220; content_max_width=&#8220;700px&#8220; _builder_version=&#8220;4.27.4&#8243; _module_preset=&#8220;default&#8220; header_text_color=&#8220;#00859B&#8220; background_enable_color=&#8220;off&#8220; custom_margin=&#8220;||4px|||&#8220; custom_padding=&#8220;||0px|||&#8220; global_colors_info=&#8220;{}&#8220;]<\/p>\n<p>Ihre<strong> Anmeldeunterlagen<\/strong> werden nach Datum des Eintreffens entgegengenommen und wir benachrichtigen Sie, <strong>wann der Erstgespr\u00e4chstermin<\/strong> stattfinden kann. Sie erhalten den Fragebogen f\u00fcr das Erstgespr\u00e4ch und f\u00fcllen ihn bitte aus. \u00a0Den Erstgespr\u00e4chsfragebogen senden Sie und ausgef\u00fcllt und unterschrieben <strong>per Post (oder als PDF per Mail).<\/strong> Falls Sie den von uns vorgeschlagenen Termin nicht annehmen wollen, sagen Sie uns <span><span class=\"ui-provider a b c d e f g h i j k l m n o p q r s t u v w x y z ab ac ae af ag ah ai aj ak\" dir=\"ltr\">unverz\u00fcglich ab. Falls Sie in der Zwischenzeit das Erstgespr\u00e4ch nicht mehr ben\u00f6tigen, geben Sie uns bitte <strong>gleich<\/strong>\u00a0Bescheid, um den\u00a0<strong>Termin f\u00fcr Andere freizugeben<\/strong>.<\/span><\/span><\/p>\n<p>Im <span style=\"color: #00859b;\"><strong><em>Erstgespr\u00e4chsfragebogen<\/em><\/strong> <\/span>werden Sie gefragt, was Ihr Anliegen ist, welche Sorgen und Probleme Sie haben, welchen famili\u00e4ren und schulischen Hintergrund das Kind hat, werden Angaben \u00fcber die k\u00f6rperliche und seelische Entwicklung in der fr\u00fchen Kindheit bist heute, sowie allgemeine Daten \u00fcber den Versicherungsstand, Krankenkasse und Ihr Kontaktdaten erfragt. Zweck ist es, notwendige Angaben vor dem Erstgespr\u00e4ch zur Orientierung des Arztes oder der Therapeuten zu bekommen, um beim Termin mehr Zeit f\u00fcr das pers\u00f6nliche Gespr\u00e4ch zu haben.<\/p>\n<p>&nbsp;<\/p>\n<p>[\/et_pb_blurb][et_pb_blurb title=&#8220;Termine:&#8220; use_icon=&#8220;on&#8220; font_icon=&#8220;&#x69;||divi||400&#8243; image_icon_background_color=&#8220;RGBA(255,255,255,0)&#8220; image_icon_width=&#8220;58px&#8220; content_max_width=&#8220;700px&#8220; _builder_version=&#8220;4.19.4&#8243; _module_preset=&#8220;default&#8220; header_text_color=&#8220;#00859B&#8220; background_enable_color=&#8220;off&#8220; custom_margin=&#8220;||2px|||&#8220; custom_padding=&#8220;||0px|||&#8220; global_colors_info=&#8220;{}&#8220;]<\/p>\n<p>Die Erstgespr\u00e4che, die Testdiagnostik, Testbesprechungen und gegebenenfalls die Notfalltermine finden am Vormittag statt.<br \/>Die Termine am Nachmittag werden f\u00fcr die Therapien reserviert.<\/p>\n<p>Die Praxis hat eine gro\u00dfe Anfrage durch Patienten, aber eine begrenzte Anzahl von Therapiepl\u00e4tzen, daher kann es sein, dass nach der diagnostischen Phase die Aufnahme des Kindes in einem der therapeutischen Angebote mit <strong>Wartezeiten<\/strong> verbunden ist.<\/p>\n<p>Alle Termine werden f\u00fcr Sie und ihre Kinder pers\u00f6nlich reserviert, daher ist es notwendig, diese auch wahrzunehmen. Nur in au\u00dfergew\u00f6hnlichen F\u00e4llen (z.B. Krankheit) k\u00f6nnen Termine abgesagt werden; bitte diese mindestens 1 Tag vorher ank\u00fcndigen.<\/p>\n<p>Im Rahmen Behandlung durch die Mitarbeiter des sozialpsychiatrischen Teams der Praxis durch ein therapeutischer Mitarbeiter ist\u00a0<strong>ein \u00e4rztlicher Termin einmal im Quartal<\/strong>\u00a0mit dem Kind verpflichtend. Dabei wird mit dem Arzt die aktuelle Situation besprochen.<\/p>\n<p>&nbsp;<\/p>\n<p>[\/et_pb_blurb][et_pb_blurb title=&#8220;Das Erstgespr\u00e4ch: Gespr\u00e4ch mit dem Arzt oder Therapeuten&#8220; use_icon=&#8220;on&#8220; font_icon=&#8220;&#x76;||divi||400&#8243; image_icon_background_color=&#8220;RGBA(255,255,255,0)&#8220; image_icon_width=&#8220;58px&#8220; content_max_width=&#8220;700px&#8220; _builder_version=&#8220;4.19.4&#8243; _module_preset=&#8220;default&#8220; header_text_color=&#8220;#00859B&#8220; background_enable_color=&#8220;off&#8220; custom_margin=&#8220;||2px|||&#8220; custom_padding=&#8220;||0px|||&#8220; global_colors_info=&#8220;{}&#8220;]<\/p>\n<p>Dieses findet mit dem Kind und seinen Eltern oder Angeh\u00f6rigen statt. Mit dem Arzt oder der Therapeutin werden die Sorgen oder Probleme und die Ressourcen des Kindes und der Familie besprochen. Das Gespr\u00e4ch dauert etwa 50 Minuten.<\/p>\n<p>Nach der Erstvorstellung wird mit den Eltern und bei Jugendlichen mit ihnen entschieden, ob eine<\/p>\n<ul>\n<ul>\n<li><strong>diagnostische testpsychologische Phase<\/strong>,<\/li>\n<li>eine\u00a0<strong>therapeutische Begleitung <\/strong>durch die Praxis oder<\/li>\n<li><strong>andere Interventionen<\/strong> Bsp. \u00dcberweisung an die Klinik, an anderen Fach\u00e4rzten sinnvoll sind.<\/li>\n<\/ul>\n<\/ul>\n<p><em><span style=\"color: #00859b;\"><strong>WICHTIG! <\/strong><\/span>Bringen Sie f\u00fcr das Erstgespr\u00e4ch unbedingt die Versicherungskarte der Krankenkasse und gegebenenfalls eine \u00dcberweisung des Hausarztes oder Therapeuten des Kindes (darin werden Sie gesondert informiert) mit.<\/em><\/p>\n<p><em><\/em><\/p>\n<p>[\/et_pb_blurb][et_pb_blurb title=&#8220;Die diagnostische Phase: mehrere Termine beim Psychologen&#8220; use_icon=&#8220;on&#8220; font_icon=&#8220;&#x68;||divi||400&#8243; image_icon_background_color=&#8220;RGBA(255,255,255,0)&#8220; image_icon_width=&#8220;58px&#8220; content_max_width=&#8220;700px&#8220; _builder_version=&#8220;4.19.4&#8243; _module_preset=&#8220;default&#8220; header_text_color=&#8220;#00859B&#8220; background_enable_color=&#8220;off&#8220; custom_margin=&#8220;||2px|||&#8220; custom_padding=&#8220;||0px|||&#8220; global_colors_info=&#8220;{}&#8220;]<\/p>\n<p>Diese nimmt 2-6 Stunden in Anspruch und wird meistens vormittags durch die psychologischen Mitarbeiter der Praxis durchgef\u00fchrt. Der Termin findet mit dem Kind alleine statt und dauert in der Regel 50 Minuten, wobei anschlie\u00dfend die Eltern kleineren Kindern diese direkt in Empfang nehmen . Bei bestimmen Fragestellungen werden zus\u00e4tzlich die Eltern zum Gespr\u00e4ch eingeladen. Wir richten uns im Diagnostikverfahren nach den Empfehlungen der Fachgesellschaft und \u00fcberpr\u00fcfen uns in regelm\u00e4\u00dfigen internen und externen Fortbildungen darin.<\/p>\n<p>[\/et_pb_blurb][et_pb_blurb title=&#8220;Die Testbesprechung: Besprechung mit dem Arzt \u00fcber das weitere Vorgehen&#8220; use_icon=&#8220;on&#8220; font_icon=&#8220;&#x6c;||divi||400&#8243; image_icon_background_color=&#8220;RGBA(255,255,255,0)&#8220; image_icon_width=&#8220;58px&#8220; content_max_width=&#8220;700px&#8220; _builder_version=&#8220;4.19.4&#8243; _module_preset=&#8220;default&#8220; header_text_color=&#8220;#00859B&#8220; background_enable_color=&#8220;off&#8220; custom_margin=&#8220;||2px|||&#8220; custom_padding=&#8220;||0px|||&#8220; global_colors_info=&#8220;{}&#8220;]<\/p>\n<p>Erfolgt mit dem Erstuntersucher ca. 2-3 Wochen nach dem Abschluss der testdiagnostischen Phase. Daf\u00fcr werden 50 Minuten f\u00fcr die Eltern\u00a0<strong>und<\/strong>\u00a0das Kind reserviert.<br \/>Dabei wird unsere\u00a0<strong>Einsch\u00e4tzung der Situation<\/strong>, gegebenenfalls eine\u00a0<span style=\"color: #00859b;\"><strong><em>Diagnose<\/em><\/strong>\u00a0<\/span>mitgeteilt und unsere\u00a0<strong>therapeutischen Empfehlungen<\/strong>\u00a0ausgesprochen.<\/p>\n<p>&nbsp;<\/p>\n<p>[\/et_pb_blurb][et_pb_blurb title=&#8220;Die Therapien:&#8220; use_icon=&#8220;on&#8220; font_icon=&#8220;&#x70;||divi||400&#8243; image_icon_background_color=&#8220;RGBA(255,255,255,0)&#8220; image_icon_width=&#8220;58px&#8220; content_max_width=&#8220;700px&#8220; _builder_version=&#8220;4.19.4&#8243; _module_preset=&#8220;default&#8220; header_text_color=&#8220;#00859B&#8220; background_enable_color=&#8220;off&#8220; custom_margin=&#8220;||2px|||&#8220; custom_padding=&#8220;||0px|||&#8220; global_colors_info=&#8220;{}&#8220;]<\/p>\n<p>Diese bestehen aus einer Vielzahl an<strong><span style=\"color: #00859b;\">\u00a0<a href=\"https:\/\/preview.dynaorth.de\/wp_HoriaTest\/index.php\/therapie\/\" style=\"color: #00859b;\"><em>therapeutischen M\u00f6glichkeiten<\/em><\/a><\/span> der<\/strong>\u00a0<strong>Praxis<\/strong>:<\/p>\n<ul>\n<ul>\n<li>Einzel- und Gruppenpsychotherapie,<\/li>\n<li>Trainings bei ADHS oder Autismus,<\/li>\n<li>Psychomotorik,<\/li>\n<li>heilp\u00e4dagogische Behandlung<\/li>\n<li>Kunsttherapie,<\/li>\n<li>Elterngespr\u00e4che und Elternschulungen,<\/li>\n<li>Helferrunde mit den Lehrern und<\/li>\n<li>gegebenenfalls medikament\u00f6se Therapie durch den Arzt. Eventuell werden Sie auf die Unterst\u00fctzung weiterer Institutionen: Praxen f\u00fcr Ergotherapie, Logop\u00e4die, Fachdienste, Beratungsstellen, \u00c4rzte anderer Fachrichtungen verwiesen.\u00a0<\/li>\n<\/ul>\n<\/ul>\n<p>[\/et_pb_blurb][et_pb_image src=&#8220;https:\/\/preview.dynaorth.de\/wp_HoriaTest\/wp-content\/uploads\/2023\/04\/Erstgespraech-Orientierungskarte-scaled.jpg&#8220; alt=&#8220;Erstgespr\u00e4ch-Orientierungskarte&#8220; title_text=&#8220;Erstgespr\u00e4ch-Orientierungskarte&#8220; _builder_version=&#8220;4.20.0&#8243; _module_preset=&#8220;default&#8220; global_colors_info=&#8220;{}&#8220;][\/et_pb_image][\/et_pb_column][\/et_pb_row][et_pb_row _builder_version=&#8220;4.19.4&#8243; _module_preset=&#8220;default&#8220; global_colors_info=&#8220;{}&#8220;][et_pb_column type=&#8220;4_4&#8243; _builder_version=&#8220;4.19.4&#8243; _module_preset=&#8220;default&#8220; global_colors_info=&#8220;{}&#8220;][et_pb_divider _builder_version=&#8220;4.19.4&#8243; _module_preset=&#8220;default&#8220; global_colors_info=&#8220;{}&#8220;][\/et_pb_divider][\/et_pb_column][\/et_pb_row][et_pb_row disabled_on=&#8220;on|on|on&#8220; _builder_version=&#8220;4.23.4&#8243; _module_preset=&#8220;default&#8220; global_colors_info=&#8220;{}&#8220; disabled=&#8220;on&#8220;][et_pb_column type=&#8220;4_4&#8243; _builder_version=&#8220;4.21.0&#8243; _module_preset=&#8220;default&#8220; global_colors_info=&#8220;{}&#8220;][et_pb_button button_url=&#8220;@ET-DC@eyJkeW5hbWljIjp0cnVlLCJjb250ZW50IjoicG9zdF9saW5rX3VybF9wYWdlIiwic2V0dGluZ3MiOnsicG9zdF9pZCI6IjU0NSJ9fQ==@&#8220; button_text=&#8220;Anmeldung f\u00fcr Terminvergabe &#8220; button_alignment=&#8220;center&#8220; disabled_on=&#8220;off|off|off&#8220; _builder_version=&#8220;4.23.4&#8243; _dynamic_attributes=&#8220;button_url&#8220; _module_preset=&#8220;default&#8220; custom_button=&#8220;on&#8220; button_text_color=&#8220;#FFFFFF&#8220; button_bg_color=&#8220;#00859B&#8220; animation_style=&#8220;slide&#8220; global_colors_info=&#8220;{}&#8220;][\/et_pb_button][\/et_pb_column][\/et_pb_row][et_pb_row _builder_version=&#8220;4.19.4&#8243; _module_preset=&#8220;default&#8220; global_colors_info=&#8220;{}&#8220;][et_pb_column type=&#8220;4_4&#8243; _builder_version=&#8220;4.19.4&#8243; _module_preset=&#8220;default&#8220; global_colors_info=&#8220;{}&#8220;][et_pb_blurb title=&#8220;Formulare&#8220; use_icon=&#8220;on&#8220; font_icon=&#8220;&#xe004;||divi||400&#8243; image_icon_background_color=&#8220;RGBA(255,255,255,0)&#8220; image_icon_width=&#8220;58px&#8220; content_max_width=&#8220;700px&#8220; _builder_version=&#8220;4.23.4&#8243; _dynamic_attributes=&#8220;link_option_url&#8220; _module_preset=&#8220;default&#8220; header_font=&#8220;|700|||||||&#8220; header_text_color=&#8220;#00859B&#8220; background_enable_color=&#8220;off&#8220; text_orientation=&#8220;center&#8220; custom_margin=&#8220;||2px|||&#8220; custom_padding=&#8220;||0px|||&#8220; link_option_url=&#8220;@ET-DC@eyJkeW5hbWljIjp0cnVlLCJjb250ZW50IjoicG9zdF9saW5rX3VybF9wYWdlIiwic2V0dGluZ3MiOnsicG9zdF9pZCI6IjMzIn19@&#8220; global_colors_info=&#8220;{}&#8220;]<\/p>\n<p><span style=\"color: #00859b;\">Einwilligungserkl\u00e4rung zur Erhebung von Daten<br \/><\/span><span style=\"color: #00859b;\">Vereinbarung Ausfallshonorar<\/span><\/p>\n<p>[\/et_pb_blurb][\/et_pb_column][\/et_pb_row][\/et_pb_section]<\/p>\n","protected":false},"excerpt":{"rendered":"<p>Informationen \u00fcber den Ablauf in der PraxisEin\u00a0erster Vorstellungstermin\u00a0wird ausschlie\u00dflich \u00fcber die Webseite \u00fcber den Button nebenan angemeldet. Es k\u00f6nnen Eltern oder gegebenenfalls ab 16 Jahren die Jugendlichen selbst die Unterlagen vollst\u00e4ndig ausf\u00fcllen und anschlie\u00dfend an die Praxis versenden.Derzeit werden keine neuen Patienten aufgenommen! Sobald wir \u00fcber freie Pl\u00e4tze verf\u00fcgen, wird es an dieser Stelle bekanntgegeben. [&hellip;]<\/p>\n","protected":false},"author":1,"featured_media":0,"parent":0,"menu_order":0,"comment_status":"closed","ping_status":"closed","template":"","meta":{"_et_pb_use_builder":"on","_et_pb_old_content":"<!-- wp:divi\/placeholder \/-->","_et_gb_content_width":"","footnotes":""},"class_list":["post-68","page","type-page","status-publish","hentry"],"_links":{"self":[{"href":"https:\/\/dr-saulean.de\/index.php\/wp-json\/wp\/v2\/pages\/68","targetHints":{"allow":["GET"]}}],"collection":[{"href":"https:\/\/dr-saulean.de\/index.php\/wp-json\/wp\/v2\/pages"}],"about":[{"href":"https:\/\/dr-saulean.de\/index.php\/wp-json\/wp\/v2\/types\/page"}],"author":[{"embeddable":true,"href":"https:\/\/dr-saulean.de\/index.php\/wp-json\/wp\/v2\/users\/1"}],"replies":[{"embeddable":true,"href":"https:\/\/dr-saulean.de\/index.php\/wp-json\/wp\/v2\/comments?post=68"}],"version-history":[{"count":57,"href":"https:\/\/dr-saulean.de\/index.php\/wp-json\/wp\/v2\/pages\/68\/revisions"}],"predecessor-version":[{"id":839,"href":"https:\/\/dr-saulean.de\/index.php\/wp-json\/wp\/v2\/pages\/68\/revisions\/839"}],"wp:attachment":[{"href":"https:\/\/dr-saulean.de\/index.php\/wp-json\/wp\/v2\/media?parent=68"}],"curies":[{"name":"wp","href":"https:\/\/api.w.org\/{rel}","templated":true}]}}