{"id":696,"date":"2024-01-12T19:11:58","date_gmt":"2024-01-12T18:11:58","guid":{"rendered":"https:\/\/dr-saulean.de\/?page_id=696"},"modified":"2024-01-12T19:23:06","modified_gmt":"2024-01-12T18:23:06","slug":"einzeltherapie","status":"publish","type":"page","link":"https:\/\/dr-saulean.de\/index.php\/einzeltherapie\/","title":{"rendered":"Einzeltherapie"},"content":{"rendered":"<p>[et_pb_section fb_built=&#8220;1&#8243; _builder_version=&#8220;4.19.2&#8243; _module_preset=&#8220;default&#8220; custom_padding=&#8220;4px||18px|||&#8220; global_colors_info=&#8220;{}&#8220;][et_pb_row _builder_version=&#8220;4.19.2&#8243; _module_preset=&#8220;default&#8220; custom_padding=&#8220;||9px|||&#8220; global_colors_info=&#8220;{}&#8220;][et_pb_column type=&#8220;4_4&#8243; _builder_version=&#8220;4.19.2&#8243; _module_preset=&#8220;default&#8220; global_colors_info=&#8220;{}&#8220;][et_pb_cta title=&#8220;Einzeltherapien&#8220; button_text=&#8220;Klicks&#8220; _builder_version=&#8220;4.23.4&#8243; _module_preset=&#8220;default&#8220; global_colors_info=&#8220;{}&#8220;][\/et_pb_cta][\/et_pb_column][\/et_pb_row][et_pb_row use_custom_gutter=&#8220;on&#8220; make_equal=&#8220;on&#8220; _builder_version=&#8220;4.19.2&#8243; _module_preset=&#8220;default&#8220; global_colors_info=&#8220;{}&#8220;][et_pb_column type=&#8220;4_4&#8243; _builder_version=&#8220;4.19.2&#8243; _module_preset=&#8220;default&#8220; global_colors_info=&#8220;{}&#8220;][et_pb_blurb title=&#8220;Einzeltheraphien&#8220; use_icon=&#8220;on&#8220; font_icon=&#8220;&#xe01d;||divi||400&#8243; image_icon_background_color=&#8220;RGBA(255,255,255,0)&#8220; image_icon_width=&#8220;58px&#8220; content_max_width=&#8220;700px&#8220; _builder_version=&#8220;4.23.4&#8243; _module_preset=&#8220;default&#8220; header_text_color=&#8220;#00859B&#8220; background_enable_color=&#8220;off&#8220; custom_margin=&#8220;||4px|||&#8220; custom_padding=&#8220;||0px|||&#8220; global_colors_info=&#8220;{}&#8220;]<\/p>\n<p>Hier sollen <strong>im Einzelsetting und durch Einbeziehung der Eltern<\/strong> und weiteren Bezugspersonen durch verbale Interventionen und \u00fcbenden Verfahren auf der Grundlage einer therapeutischen Arbeitsbeziehung die Ausbildung neuer F\u00e4higkeiten und Erm\u00f6glichung einer besseren Selbstregulation gef\u00f6rdert werden, eigene und fremde Gedanken und Bewertungen verst\u00e4ndlich gemacht, werden diese gegebenenfalls korrigiert und in neue Verhaltensweisen umgesetzt werden.<\/p>\n<p>Erlernen der <strong>Strategien<\/strong> im Umgang mit frustrierenden Situationen und <strong>Selbstmanagement<\/strong> zur Wutkontrolle in Einzelbehandlung mit Einbeziehen der Eltern und systemrelevanten Personen (Lehrer, Familienhelfer, etc.).<\/p>\n<p>[\/et_pb_blurb][\/et_pb_column][\/et_pb_row][\/et_pb_section][et_pb_section fb_built=&#8220;1&#8243; _builder_version=&#8220;4.19.2&#8243; _module_preset=&#8220;default&#8220; custom_padding=&#8220;13px|||||&#8220; global_colors_info=&#8220;{}&#8220; locked=&#8220;off&#8220; theme_builder_area=&#8220;post_content&#8220;][et_pb_row column_structure=&#8220;1_4,1_4,1_4,1_4&#8243; _builder_version=&#8220;4.19.2&#8243; _module_preset=&#8220;default&#8220; global_colors_info=&#8220;{}&#8220; theme_builder_area=&#8220;post_content&#8220;][et_pb_column type=&#8220;1_4&#8243; _builder_version=&#8220;4.19.2&#8243; _module_preset=&#8220;default&#8220; global_colors_info=&#8220;{}&#8220; theme_builder_area=&#8220;post_content&#8220;][et_pb_blurb title=&#8220;Gruppentherapie&#8220; image=&#8220;https:\/\/preview.dynaorth.de\/wp_HoriaTest\/wp-content\/uploads\/2022\/12\/Praxis-Dr-Saulean-Malerei-11.jpg&#8220; _builder_version=&#8220;4.20.0&#8243; _dynamic_attributes=&#8220;link_option_url&#8220; _module_preset=&#8220;default&#8220; header_text_color=&#8220;#00859B&#8220; image_icon_custom_margin=&#8220;||-17px||false|false&#8220; link_option_url=&#8220;@ET-DC@eyJkeW5hbWljIjp0cnVlLCJjb250ZW50IjoicG9zdF9saW5rX3VybF9wYWdlIiwic2V0dGluZ3MiOnsicG9zdF9pZCI6IjQ1In19@&#8220; global_colors_info=&#8220;{}&#8220; theme_builder_area=&#8220;post_content&#8220;][\/et_pb_blurb][\/et_pb_column][et_pb_column type=&#8220;1_4&#8243; _builder_version=&#8220;4.19.2&#8243; _module_preset=&#8220;default&#8220; global_colors_info=&#8220;{}&#8220; theme_builder_area=&#8220;post_content&#8220;][et_pb_blurb title=&#8220;Zirkustherapie&#8220; image=&#8220;https:\/\/preview.dynaorth.de\/wp_HoriaTest\/wp-content\/uploads\/2022\/12\/Praxis-Dr-Saulean-Malerei-9.jpg&#8220; _builder_version=&#8220;4.21.0&#8243; _dynamic_attributes=&#8220;link_option_url&#8220; _module_preset=&#8220;default&#8220; header_text_color=&#8220;#00859B&#8220; image_icon_custom_margin=&#8220;||-17px||false|false&#8220; link_option_url=&#8220;@ET-DC@eyJkeW5hbWljIjp0cnVlLCJjb250ZW50IjoicG9zdF9saW5rX3VybF9wYWdlIiwic2V0dGluZ3MiOnsicG9zdF9pZCI6IjQ3In19@&#8220; global_colors_info=&#8220;{}&#8220; theme_builder_area=&#8220;post_content&#8220;][\/et_pb_blurb][\/et_pb_column][et_pb_column type=&#8220;1_4&#8243; _builder_version=&#8220;4.19.2&#8243; _module_preset=&#8220;default&#8220; global_colors_info=&#8220;{}&#8220; theme_builder_area=&#8220;post_content&#8220;][et_pb_blurb title=&#8220;Kunsttherapie&#8220; image=&#8220;https:\/\/preview.dynaorth.de\/wp_HoriaTest\/wp-content\/uploads\/2022\/12\/Praxis-Dr-Saulean-Malerei-6-1.jpg&#8220; _builder_version=&#8220;4.20.0&#8243; _dynamic_attributes=&#8220;link_option_url&#8220; _module_preset=&#8220;default&#8220; header_text_color=&#8220;#00859B&#8220; image_icon_custom_margin=&#8220;||-17px||false|false&#8220; link_option_url=&#8220;@ET-DC@eyJkeW5hbWljIjp0cnVlLCJjb250ZW50IjoicG9zdF9saW5rX3VybF9wYWdlIiwic2V0dGluZ3MiOnsicG9zdF9pZCI6IjI2OSJ9fQ==@&#8220; global_colors_info=&#8220;{}&#8220; theme_builder_area=&#8220;post_content&#8220;][\/et_pb_blurb][\/et_pb_column][et_pb_column type=&#8220;1_4&#8243; _builder_version=&#8220;4.19.2&#8243; _module_preset=&#8220;default&#8220; global_colors_info=&#8220;{}&#8220; theme_builder_area=&#8220;post_content&#8220;][et_pb_blurb title=&#8220;Autismustraining&#8220; image=&#8220;https:\/\/preview.dynaorth.de\/wp_HoriaTest\/wp-content\/uploads\/2022\/12\/Praxis-Dr-Saulean-Malerei-3-1-scaled.jpg&#8220; _builder_version=&#8220;4.20.0&#8243; _dynamic_attributes=&#8220;link_option_url&#8220; _module_preset=&#8220;default&#8220; header_text_color=&#8220;#00859B&#8220; image_icon_custom_margin=&#8220;||-17px||false|false&#8220; link_option_url=&#8220;@ET-DC@eyJkeW5hbWljIjp0cnVlLCJjb250ZW50IjoicG9zdF9saW5rX3VybF9wYWdlIiwic2V0dGluZ3MiOnsicG9zdF9pZCI6IjQ5In19@&#8220; global_colors_info=&#8220;{}&#8220; theme_builder_area=&#8220;post_content&#8220;][\/et_pb_blurb][\/et_pb_column][\/et_pb_row][\/et_pb_section]<\/p>\n","protected":false},"excerpt":{"rendered":"<p>Hier sollen im Einzelsetting und durch Einbeziehung der Eltern und weiteren Bezugspersonen durch verbale Interventionen und \u00fcbenden Verfahren auf der Grundlage einer therapeutischen Arbeitsbeziehung die Ausbildung neuer F\u00e4higkeiten und Erm\u00f6glichung einer besseren Selbstregulation gef\u00f6rdert werden, eigene und fremde Gedanken und Bewertungen verst\u00e4ndlich gemacht, werden diese gegebenenfalls korrigiert und in neue Verhaltensweisen umgesetzt werden. Erlernen der [&hellip;]<\/p>\n","protected":false},"author":1,"featured_media":0,"parent":0,"menu_order":0,"comment_status":"closed","ping_status":"closed","template":"","meta":{"_et_pb_use_builder":"on","_et_pb_old_content":"","_et_gb_content_width":"","footnotes":""},"class_list":["post-696","page","type-page","status-publish","hentry"],"_links":{"self":[{"href":"https:\/\/dr-saulean.de\/index.php\/wp-json\/wp\/v2\/pages\/696","targetHints":{"allow":["GET"]}}],"collection":[{"href":"https:\/\/dr-saulean.de\/index.php\/wp-json\/wp\/v2\/pages"}],"about":[{"href":"https:\/\/dr-saulean.de\/index.php\/wp-json\/wp\/v2\/types\/page"}],"author":[{"embeddable":true,"href":"https:\/\/dr-saulean.de\/index.php\/wp-json\/wp\/v2\/users\/1"}],"replies":[{"embeddable":true,"href":"https:\/\/dr-saulean.de\/index.php\/wp-json\/wp\/v2\/comments?post=696"}],"version-history":[{"count":5,"href":"https:\/\/dr-saulean.de\/index.php\/wp-json\/wp\/v2\/pages\/696\/revisions"}],"predecessor-version":[{"id":704,"href":"https:\/\/dr-saulean.de\/index.php\/wp-json\/wp\/v2\/pages\/696\/revisions\/704"}],"wp:attachment":[{"href":"https:\/\/dr-saulean.de\/index.php\/wp-json\/wp\/v2\/media?parent=696"}],"curies":[{"name":"wp","href":"https:\/\/api.w.org\/{rel}","templated":true}]}}